{"id":411,"date":"2020-05-26T07:17:32","date_gmt":"2020-05-26T07:17:32","guid":{"rendered":"https:\/\/werkstattheizung.pulsair.net\/?post_type=product&#038;p=411"},"modified":"2026-03-24T08:51:58","modified_gmt":"2026-03-24T08:51:58","slug":"standard","status":"publish","type":"product","link":"https:\/\/pulsair.net\/en\/produkt\/standard\/","title":{"rendered":"Puls-air Standard 17.5 kW hall and workshop heating system"},"content":{"rendered":"<h2>Key data Puls-air Standard 17.5 kW hall and workshop heating:<\/h2>\n<ul>\n<li><strong>Performance<\/strong>:\n<ul>\n<li>17.5 kW full power<\/li>\n<li>13 kW economy level<\/li>\n<\/ul>\n<\/li>\n<li><strong>Power levels<\/strong>: 2<\/li>\n<li><strong>Dimensions<\/strong>75cm x 55cm x 95cm (LxWxH)<\/li>\n<\/ul>\n<ul>\n<li><strong>Weight<\/strong>: 75 kg<\/li>\n<li><strong>Floor space<\/strong>approx. 1m\u00b2<\/li>\n<li><strong>External tank option<\/strong>: yes<\/li>\n<li><strong>Automatic temperature control<\/strong>: yes<\/li>\n<li><strong>Fuel<\/strong>Fuel oil, diesel, HVO100<\/li>\n<li><strong>Consumption per hour run:<\/strong>\n<ul>\n<li>Full power: 1.55 kg heating oil\/h<\/li>\n<li>Economy level: 1.1 kg heating oil\/h<\/li>\n<\/ul>\n<\/li>\n<li><strong>Tank supplied<\/strong>: 20L<\/li>\n<li><strong>Air output<\/strong>1850m\u00b3 heating air\/h<\/li>\n<li><strong>Warm air temperature<\/strong>approx. 45\u00b0C<\/li>\n<li><strong>Power connection<\/strong>: 230 V<\/li>\n<li><strong>Efficiency<\/strong>: min. 97 %<\/li>\n<li><strong>Max. room size for one appliance:<\/strong>\u00a0500-600m\u00b3<\/li>\n<li><strong>Color<\/strong>: blue with yellow<\/li>\n<\/ul>\n<h2>Description Puls-air model Standard<\/h2>\n<p>The standard model offers you two output levels: A full power level for rooms (halls, workshops, garages, etc.) up to\u00a0<strong>max. 600 cubic meters<\/strong>. As well as an economy level for rooms up to max. 400 cubic meters per appliance.<\/p>\n<h3>Convince yourself of Puls-air:<\/h3>\n<p>Puls-air heaters are particularly impressive with their quiet operation, mobility, maintenance-free operation and economy. Our heaters are the most economical and efficient oil heaters on the market, thanks to our patented\u00a0<a href=\"\/en\/technik\/\">pulsating combustion<\/a>\u00a0possible.<\/p>\n<h3>References confirm our quality:<\/h3>\n<p>Please also visit our <a href=\"https:\/\/pulsair.net\/en\/referenzen\/\">References\u00a0<\/a> page. There we publish numerous user reports, references and press articles that underline the top quality of our hall heating systems and workshop heating systems.<\/p>","protected":false},"excerpt":{"rendered":"<h2>Puls-air Standard 17.5 kW hall and workshop heating system<\/h2>\n<p><strong>Purchase price: <\/strong>\u20ac 7.400.-excl. VAT.<br \/>\n<strong>leasing rate:<\/strong> 190.97 \u20ac\/month excl. VAT (term: 48 months, no down payment, 10 % residual value)<\/p>\n<p><strong>Delivery costs:<\/strong> from \u20ac 120 excl.<\/p>\n<p>CE-certified &amp; approved throughout Europe.<\/p>\n<p>With the standard model 17.5 kW, rooms up to <strong>max. 600 cubic meters<\/strong> (with the latest building standard).<br \/>\n<strong>Consumption<\/strong>Full output: 1.55 kg heating oil\/h, economy level: 1.1 kg heating oil\/h.<\/p>\n<p>For larger rooms we recommend our Puls-air<br \/>\n<a href=\"https:\/\/pulsair.net\/en\/produkt\/puls-air-plus\/\">Plus appliance with 23.5 kW<\/a>.<\/p>","protected":false},"featured_media":537,"comment_status":"open","ping_status":"closed","template":"","meta":[],"product_brand":[],"product_cat":[40],"product_tag":[],"class_list":{"0":"post-411","1":"product","2":"type-product","3":"status-publish","4":"has-post-thumbnail","6":"product_cat-heizgeraete","8":"first","9":"instock","10":"taxable","11":"shipping-taxable","12":"purchasable","13":"product-type-simple"},"yoast_head":"<!-- This site is optimized with the Yoast SEO plugin v27.4 - https:\/\/yoast.com\/product\/yoast-seo-wordpress\/ -->\n<title>Puls-air Standard | 17,5 kW | Hallen- und Werkstattheizung<\/title>\n<meta name=\"description\" content=\"Unser Angebot umfasst 3 Modelle. Der Puls-air Standard hat 17,5 kW und ist f\u00fcr R\u00e4ume bis 600 m\u00b3 geeignet. F\u00fcr gr\u00f6\u00dfere R\u00e4ume haben wir den Puls-air Plus.\" \/>\n<meta name=\"robots\" content=\"index, follow, max-snippet:-1, max-image-preview:large, max-video-preview:-1\" \/>\n<link rel=\"canonical\" href=\"https:\/\/pulsair.net\/en\/produkt\/standard\/\" \/>\n<meta property=\"og:locale\" content=\"en_US\" \/>\n<meta property=\"og:type\" content=\"article\" \/>\n<meta property=\"og:title\" content=\"Puls-air Standard | 17,5 kW | Hallen- und Werkstattheizung\" \/>\n<meta property=\"og:description\" content=\"Unser Angebot umfasst 3 Modelle. Der Puls-air Standard hat 17,5 kW und ist f\u00fcr R\u00e4ume bis 600 m\u00b3 geeignet. F\u00fcr gr\u00f6\u00dfere R\u00e4ume haben wir den Puls-air Plus.\" \/>\n<meta property=\"og:url\" content=\"https:\/\/pulsair.net\/en\/produkt\/standard\/\" \/>\n<meta property=\"og:site_name\" content=\"Puls-air Hallen und Werkstattheizung\" \/>\n<meta property=\"article:modified_time\" content=\"2026-03-24T08:51:58+00:00\" \/>\n<meta property=\"og:image\" content=\"https:\/\/pulsair.net\/wp-content\/uploads\/2020\/05\/Puls-air-Heizger\u00e4t.png\" \/>\n\t<meta property=\"og:image:width\" content=\"1000\" \/>\n\t<meta property=\"og:image:height\" content=\"1000\" \/>\n\t<meta property=\"og:image:type\" content=\"image\/png\" \/>\n<meta name=\"twitter:card\" content=\"summary_large_image\" \/>\n<meta name=\"twitter:label1\" content=\"Est. reading time\" \/>\n\t<meta name=\"twitter:data1\" content=\"1 minute\" \/>\n<script type=\"application\/ld+json\" class=\"yoast-schema-graph\">{\"@context\":\"https:\\\/\\\/schema.org\",\"@graph\":[{\"@type\":\"WebPage\",\"@id\":\"https:\\\/\\\/pulsair.net\\\/produkt\\\/standard\\\/\",\"url\":\"https:\\\/\\\/pulsair.net\\\/produkt\\\/standard\\\/\",\"name\":\"Puls-air Standard | 17,5 kW | Hallen- und Werkstattheizung\",\"isPartOf\":{\"@id\":\"https:\\\/\\\/pulsair.net\\\/#website\"},\"primaryImageOfPage\":{\"@id\":\"https:\\\/\\\/pulsair.net\\\/produkt\\\/standard\\\/#primaryimage\"},\"image\":{\"@id\":\"https:\\\/\\\/pulsair.net\\\/produkt\\\/standard\\\/#primaryimage\"},\"thumbnailUrl\":\"https:\\\/\\\/pulsair.net\\\/wp-content\\\/uploads\\\/2020\\\/05\\\/Puls-air-Heizger\u00e4t.png\",\"datePublished\":\"2020-05-26T07:17:32+00:00\",\"dateModified\":\"2026-03-24T08:51:58+00:00\",\"description\":\"Unser Angebot umfasst 3 Modelle. Der Puls-air Standard hat 17,5 kW und ist f\u00fcr R\u00e4ume bis 600 m\u00b3 geeignet. F\u00fcr gr\u00f6\u00dfere R\u00e4ume haben wir den Puls-air Plus.\",\"breadcrumb\":{\"@id\":\"https:\\\/\\\/pulsair.net\\\/produkt\\\/standard\\\/#breadcrumb\"},\"inLanguage\":\"en-US\",\"potentialAction\":[{\"@type\":\"ReadAction\",\"target\":[\"https:\\\/\\\/pulsair.net\\\/produkt\\\/standard\\\/\"]}]},{\"@type\":\"ImageObject\",\"inLanguage\":\"en-US\",\"@id\":\"https:\\\/\\\/pulsair.net\\\/produkt\\\/standard\\\/#primaryimage\",\"url\":\"https:\\\/\\\/pulsair.net\\\/wp-content\\\/uploads\\\/2020\\\/05\\\/Puls-air-Heizger\u00e4t.png\",\"contentUrl\":\"https:\\\/\\\/pulsair.net\\\/wp-content\\\/uploads\\\/2020\\\/05\\\/Puls-air-Heizger\u00e4t.png\",\"width\":1000,\"height\":1000,\"caption\":\"Werkstattheizung, Hallenheizung\"},{\"@type\":\"BreadcrumbList\",\"@id\":\"https:\\\/\\\/pulsair.net\\\/produkt\\\/standard\\\/#breadcrumb\",\"itemListElement\":[{\"@type\":\"ListItem\",\"position\":1,\"name\":\"Startseite\",\"item\":\"https:\\\/\\\/pulsair.net\\\/\"},{\"@type\":\"ListItem\",\"position\":2,\"name\":\"Puls-air Standard 17,5 kW Hallen- und Werkstattheizung\"}]},{\"@type\":\"WebSite\",\"@id\":\"https:\\\/\\\/pulsair.net\\\/#website\",\"url\":\"https:\\\/\\\/pulsair.net\\\/\",\"name\":\"Puls-air Hallen und Werkstattheizung\",\"description\":\"50 % Heizkosten sparen\",\"publisher\":{\"@id\":\"https:\\\/\\\/pulsair.net\\\/#organization\"},\"potentialAction\":[{\"@type\":\"SearchAction\",\"target\":{\"@type\":\"EntryPoint\",\"urlTemplate\":\"https:\\\/\\\/pulsair.net\\\/?s={search_term_string}\"},\"query-input\":{\"@type\":\"PropertyValueSpecification\",\"valueRequired\":true,\"valueName\":\"search_term_string\"}}],\"inLanguage\":\"en-US\"},{\"@type\":\"Organization\",\"@id\":\"https:\\\/\\\/pulsair.net\\\/#organization\",\"name\":\"Puls-air Hallen und Werkstattheizung\",\"url\":\"https:\\\/\\\/pulsair.net\\\/\",\"logo\":{\"@type\":\"ImageObject\",\"inLanguage\":\"en-US\",\"@id\":\"https:\\\/\\\/pulsair.net\\\/#\\\/schema\\\/logo\\\/image\\\/\",\"url\":\"https:\\\/\\\/pulsair.net\\\/wp-content\\\/uploads\\\/2020\\\/07\\\/cropped-cropped-Rotation-alleine-500x500-1.png\",\"contentUrl\":\"https:\\\/\\\/pulsair.net\\\/wp-content\\\/uploads\\\/2020\\\/07\\\/cropped-cropped-Rotation-alleine-500x500-1.png\",\"width\":512,\"height\":512,\"caption\":\"Puls-air Hallen und Werkstattheizung\"},\"image\":{\"@id\":\"https:\\\/\\\/pulsair.net\\\/#\\\/schema\\\/logo\\\/image\\\/\"}}]}<\/script>\n<!-- \/ Yoast SEO plugin. -->","yoast_head_json":{"title":"Puls-air Standard | 17,5 kW | Hallen- und Werkstattheizung","description":"Unser Angebot umfasst 3 Modelle. Der Puls-air Standard hat 17,5 kW und ist f\u00fcr R\u00e4ume bis 600 m\u00b3 geeignet. F\u00fcr gr\u00f6\u00dfere R\u00e4ume haben wir den Puls-air Plus.","robots":{"index":"index","follow":"follow","max-snippet":"max-snippet:-1","max-image-preview":"max-image-preview:large","max-video-preview":"max-video-preview:-1"},"canonical":"https:\/\/pulsair.net\/en\/produkt\/standard\/","og_locale":"en_US","og_type":"article","og_title":"Puls-air Standard | 17,5 kW | Hallen- und Werkstattheizung","og_description":"Unser Angebot umfasst 3 Modelle. Der Puls-air Standard hat 17,5 kW und ist f\u00fcr R\u00e4ume bis 600 m\u00b3 geeignet. F\u00fcr gr\u00f6\u00dfere R\u00e4ume haben wir den Puls-air Plus.","og_url":"https:\/\/pulsair.net\/en\/produkt\/standard\/","og_site_name":"Puls-air Hallen und Werkstattheizung","article_modified_time":"2026-03-24T08:51:58+00:00","og_image":[{"width":1000,"height":1000,"url":"https:\/\/pulsair.net\/wp-content\/uploads\/2020\/05\/Puls-air-Heizger\u00e4t.png","type":"image\/png"}],"twitter_card":"summary_large_image","twitter_misc":{"Est. reading time":"1 minute"},"schema":{"@context":"https:\/\/schema.org","@graph":[{"@type":"WebPage","@id":"https:\/\/pulsair.net\/produkt\/standard\/","url":"https:\/\/pulsair.net\/produkt\/standard\/","name":"Puls-air Standard | 17,5 kW | Hallen- und Werkstattheizung","isPartOf":{"@id":"https:\/\/pulsair.net\/#website"},"primaryImageOfPage":{"@id":"https:\/\/pulsair.net\/produkt\/standard\/#primaryimage"},"image":{"@id":"https:\/\/pulsair.net\/produkt\/standard\/#primaryimage"},"thumbnailUrl":"https:\/\/pulsair.net\/wp-content\/uploads\/2020\/05\/Puls-air-Heizger\u00e4t.png","datePublished":"2020-05-26T07:17:32+00:00","dateModified":"2026-03-24T08:51:58+00:00","description":"Unser Angebot umfasst 3 Modelle. Der Puls-air Standard hat 17,5 kW und ist f\u00fcr R\u00e4ume bis 600 m\u00b3 geeignet. F\u00fcr gr\u00f6\u00dfere R\u00e4ume haben wir den Puls-air Plus.","breadcrumb":{"@id":"https:\/\/pulsair.net\/produkt\/standard\/#breadcrumb"},"inLanguage":"en-US","potentialAction":[{"@type":"ReadAction","target":["https:\/\/pulsair.net\/produkt\/standard\/"]}]},{"@type":"ImageObject","inLanguage":"en-US","@id":"https:\/\/pulsair.net\/produkt\/standard\/#primaryimage","url":"https:\/\/pulsair.net\/wp-content\/uploads\/2020\/05\/Puls-air-Heizger\u00e4t.png","contentUrl":"https:\/\/pulsair.net\/wp-content\/uploads\/2020\/05\/Puls-air-Heizger\u00e4t.png","width":1000,"height":1000,"caption":"Werkstattheizung, Hallenheizung"},{"@type":"BreadcrumbList","@id":"https:\/\/pulsair.net\/produkt\/standard\/#breadcrumb","itemListElement":[{"@type":"ListItem","position":1,"name":"Startseite","item":"https:\/\/pulsair.net\/"},{"@type":"ListItem","position":2,"name":"Puls-air Standard 17,5 kW Hallen- und Werkstattheizung"}]},{"@type":"WebSite","@id":"https:\/\/pulsair.net\/#website","url":"https:\/\/pulsair.net\/","name":"Puls-air Hallen und Werkstattheizung","description":"50 % Heizkosten sparen","publisher":{"@id":"https:\/\/pulsair.net\/#organization"},"potentialAction":[{"@type":"SearchAction","target":{"@type":"EntryPoint","urlTemplate":"https:\/\/pulsair.net\/?s={search_term_string}"},"query-input":{"@type":"PropertyValueSpecification","valueRequired":true,"valueName":"search_term_string"}}],"inLanguage":"en-US"},{"@type":"Organization","@id":"https:\/\/pulsair.net\/#organization","name":"Puls-air Hallen und Werkstattheizung","url":"https:\/\/pulsair.net\/","logo":{"@type":"ImageObject","inLanguage":"en-US","@id":"https:\/\/pulsair.net\/#\/schema\/logo\/image\/","url":"https:\/\/pulsair.net\/wp-content\/uploads\/2020\/07\/cropped-cropped-Rotation-alleine-500x500-1.png","contentUrl":"https:\/\/pulsair.net\/wp-content\/uploads\/2020\/07\/cropped-cropped-Rotation-alleine-500x500-1.png","width":512,"height":512,"caption":"Puls-air Hallen und Werkstattheizung"},"image":{"@id":"https:\/\/pulsair.net\/#\/schema\/logo\/image\/"}}]}},"_links":{"self":[{"href":"https:\/\/pulsair.net\/en\/wp-json\/wp\/v2\/product\/411","targetHints":{"allow":["GET"]}}],"collection":[{"href":"https:\/\/pulsair.net\/en\/wp-json\/wp\/v2\/product"}],"about":[{"href":"https:\/\/pulsair.net\/en\/wp-json\/wp\/v2\/types\/product"}],"replies":[{"embeddable":true,"href":"https:\/\/pulsair.net\/en\/wp-json\/wp\/v2\/comments?post=411"}],"wp:featuredmedia":[{"embeddable":true,"href":"https:\/\/pulsair.net\/en\/wp-json\/wp\/v2\/media\/537"}],"wp:attachment":[{"href":"https:\/\/pulsair.net\/en\/wp-json\/wp\/v2\/media?parent=411"}],"wp:term":[{"taxonomy":"product_brand","embeddable":true,"href":"https:\/\/pulsair.net\/en\/wp-json\/wp\/v2\/product_brand?post=411"},{"taxonomy":"product_cat","embeddable":true,"href":"https:\/\/pulsair.net\/en\/wp-json\/wp\/v2\/product_cat?post=411"},{"taxonomy":"product_tag","embeddable":true,"href":"https:\/\/pulsair.net\/en\/wp-json\/wp\/v2\/product_tag?post=411"}],"curies":[{"name":"wp","href":"https:\/\/api.w.org\/{rel}","templated":true}]}}