{"id":1108,"date":"2022-04-12T09:01:36","date_gmt":"2022-04-12T09:01:36","guid":{"rendered":"https:\/\/werkstattheizung.pulsair.net\/?page_id=1108"},"modified":"2026-03-26T08:39:23","modified_gmt":"2026-03-26T08:39:23","slug":"impressum","status":"publish","type":"page","link":"https:\/\/pulsair.net\/fr\/impressum\/","title":{"rendered":"Mentions l\u00e9gales"},"content":{"rendered":"<div data-elementor-type=\"wp-page\" data-elementor-id=\"1108\" class=\"elementor elementor-1108\" data-elementor-settings=\"[]\">\n\t\t\t<div class=\"elementor-inner\">\n\t\t\t\t<div class=\"elementor-section-wrap\">\n\t\t\t\t\t\t\t<section class=\"elementor-element elementor-element-431ea6e elementor-section-boxed elementor-section-height-default elementor-section-height-default elementor-section elementor-top-section\" data-id=\"431ea6e\" data-element_type=\"section\">\n\t\t\t\t\t\t<div class=\"elementor-container elementor-column-gap-default\">\n\t\t\t\t<div class=\"elementor-row\">\n\t\t\t\t<div class=\"elementor-element elementor-element-db08fd0 elementor-column elementor-col-100 elementor-top-column\" data-id=\"db08fd0\" data-element_type=\"column\">\n\t\t\t<div class=\"elementor-column-wrap  elementor-element-populated\">\n\t\t\t\t\t<div class=\"elementor-widget-wrap\">\n\t\t\t\t<div class=\"elementor-element elementor-element-a4fd0b5 elementor-widget elementor-widget-image\" data-id=\"a4fd0b5\" data-element_type=\"widget\" data-widget_type=\"image.default\">\n\t\t\t\t<div class=\"elementor-widget-container\">\n\t\t\t\t\t<div class=\"elementor-image\">\n\t\t\t\t\t\t\t\t\t\t<img loading=\"lazy\" decoding=\"async\" width=\"100\" height=\"100\" src=\"https:\/\/pulsair.net\/wp-content\/uploads\/2020\/07\/cropped-Rotation-alleine-500x500-1-100x100.png\" class=\"attachment-shop_thumbnail size-shop_thumbnail\" alt=\"\" srcset=\"https:\/\/pulsair.net\/wp-content\/uploads\/2020\/07\/cropped-Rotation-alleine-500x500-1-100x100.png 100w, https:\/\/pulsair.net\/wp-content\/uploads\/2020\/07\/cropped-Rotation-alleine-500x500-1-300x300.png 300w, https:\/\/pulsair.net\/wp-content\/uploads\/2020\/07\/cropped-Rotation-alleine-500x500-1-150x150.png 150w, https:\/\/pulsair.net\/wp-content\/uploads\/2020\/07\/cropped-Rotation-alleine-500x500-1-270x270.png 270w, https:\/\/pulsair.net\/wp-content\/uploads\/2020\/07\/cropped-Rotation-alleine-500x500-1-192x192.png 192w, https:\/\/pulsair.net\/wp-content\/uploads\/2020\/07\/cropped-Rotation-alleine-500x500-1-180x180.png 180w, https:\/\/pulsair.net\/wp-content\/uploads\/2020\/07\/cropped-Rotation-alleine-500x500-1-32x32.png 32w, https:\/\/pulsair.net\/wp-content\/uploads\/2020\/07\/cropped-Rotation-alleine-500x500-1.png 512w\" sizes=\"auto, (max-width: 100px) 100vw, 100px\" \/>\t\t\t\t\t\t\t\t\t\t\t<\/div>\n\t\t\t\t<\/div>\n\t\t\t\t<\/div>\n\t\t\t\t<div class=\"elementor-element elementor-element-fa02acb elementor-widget elementor-widget-text-editor\" data-id=\"fa02acb\" data-element_type=\"widget\" data-widget_type=\"text-editor.default\">\n\t\t\t\t<div class=\"elementor-widget-container\">\n\t\t\t\t\t<div class=\"elementor-text-editor elementor-clearfix\"><div class=\"titel_cst\"><div class=\"titel_cst_big\"><h1 class=\"Titel\">Mentions l\u00e9gales<\/h1><\/div><\/div><\/div>\n\t\t\t\t<\/div>\n\t\t\t\t<\/div>\n\t\t\t\t\t\t<\/div>\n\t\t\t<\/div>\n\t\t<\/div>\n\t\t\t\t\t\t<\/div>\n\t\t\t<\/div>\n\t\t<\/section>\n\t\t\t\t<section class=\"elementor-element elementor-element-5787501c elementor-section-boxed elementor-section-height-default elementor-section-height-default elementor-section elementor-top-section\" data-id=\"5787501c\" data-element_type=\"section\" data-settings=\"{&quot;background_background&quot;:&quot;classic&quot;}\">\n\t\t\t\t\t\t<div class=\"elementor-container elementor-column-gap-default\">\n\t\t\t\t<div class=\"elementor-row\">\n\t\t\t\t<div class=\"elementor-element elementor-element-16ebc67c elementor-column elementor-col-100 elementor-top-column\" data-id=\"16ebc67c\" data-element_type=\"column\">\n\t\t\t<div class=\"elementor-column-wrap  elementor-element-populated\">\n\t\t\t\t\t<div class=\"elementor-widget-wrap\">\n\t\t\t\t<div class=\"elementor-element elementor-element-646e4dae elementor-widget elementor-widget-text-editor\" data-id=\"646e4dae\" data-element_type=\"widget\" data-widget_type=\"text-editor.default\">\n\t\t\t\t<div class=\"elementor-widget-container\">\n\t\t\t\t\t<div class=\"elementor-text-editor elementor-clearfix\"><\/div>\n\t\t\t\t<\/div>\n\t\t\t\t<\/div>\n\t\t\t\t<div class=\"elementor-element elementor-element-15de111c elementor-widget elementor-widget-text-editor\" data-id=\"15de111c\" data-element_type=\"widget\" data-widget_type=\"text-editor.default\">\n\t\t\t\t<div class=\"elementor-widget-container\">\n\t\t\t\t\t<div class=\"elementor-text-editor elementor-clearfix\"><div>\n<div>\n<div>\n<p>Ing. W.Pletzer concessionnaire automobile-&nbsp;<span style=\"background-color: rgba(122, 122, 122, 0);\">Puls Air GmbH<\/span><\/p><\/div><\/div><\/div>\n<div>Rue Innsbrucker 10<\/div>\n<div>6353 Going<\/div>\n<div>Autriche<\/div>\n<div><span>T\u00e9l :<\/span>&nbsp;<span><a href=\"tel:004353583600\">+43(0)5358 3600<\/a><\/span><\/div>\n<div><span>Fax :<\/span>&nbsp;<span>+43(0)5358 3603<\/span><\/div>\n<div><span>Courrier \u00e9lectronique :<\/span>&nbsp;<span><a href=\"mailto:info@pulsair.net\">info@pulsair.net<\/a><\/span><\/div>\n<div>&nbsp;<\/div>\n<h2>Donn\u00e9es de la soci\u00e9t\u00e9<\/h2>\n<div><span>IDE :&nbsp;<\/span><span style=\"background-color: rgba(122, 122, 122, 0);\">ATU80957458<\/span><\/div>\n<div><span>FN :&nbsp;<\/span><span>180950d<\/span><\/div>\n<div><span>Cour FN :&nbsp;<\/span><span>Tribunal r\u00e9gional d'Innsbruck<\/span><\/div>\n<div><span>Chambre de commerce :&nbsp;<\/span><span>Administration du district de Kitzb\u00fchel<\/span><\/div>\n<div>&nbsp;<\/div>\n<h2>Coordonn\u00e9es bancaires<\/h2>\n<div><span>CODE BANCAIRE :&nbsp;<\/span><span>363 58<\/span><\/div>\n<div><span>Compte :&nbsp;<\/span><span>453 3642<\/span><\/div>\n<div><span>IBAN : AT32 3623 2000 0005 4395 <\/span><\/div>\n<div><span>BIC :&nbsp;<\/span><span>RZTIAT22232<\/span><\/div>\n<h2>Obligation d'information<\/h2>\n<p><a href=\"https:\/\/firmen.wko.at\/ing-werner-pletzer%2c-autohaus---puls-air-eu\/tirol\/?firmaid=0385697b-57d2-4992-9c2d-561f7f597caa&amp;=standorti\">WKO<\/a><\/p>\n<h2>Concept, r\u00e9alisation, h\u00e9bergement<\/h2>\n<p>Futureweb GmbH<\/p>\n<p>Marketing en ligne Luca Pletzer<\/p>\n<div>\n<p>Remplissage et suivi du marketing en ligne : Onlinemarketing Luca Pletzer&nbsp;<a href=\"http:\/\/www.luca-pletzer.com\/\">www.luca-pletzer.com<\/a><\/p>\n<\/div>\n<div>\n<div>\n<div>\n<div>\n<div>D\u00e9claration de confidentialit\u00e9 de Google Analytics et des fournisseurs tiers<\/div>\n<p>Ce site web utilise Google Analytics, un service d'analyse web de Google Inc (\"Google\"). Google Analytics utilise des \"cookies\", des fichiers texte qui sont enregistr\u00e9s sur votre ordinateur et qui permettent d'analyser votre utilisation du site web. Les informations g\u00e9n\u00e9r\u00e9es par le cookie concernant votre utilisation de ce site Web (y compris votre adresse IP) sont transmises \u00e0 un serveur de Google aux \u00c9tats-Unis et y sont enregistr\u00e9es. Google utilisera cette information dans le but d'\u00e9valuer votre utilisation du site, de compiler des rapports sur l'activit\u00e9 du site \u00e0 destination de son \u00e9diteur et de fournir d'autres services relatifs \u00e0 l'activit\u00e9 du site et \u00e0 l'utilisation d'Internet. Le cas \u00e9ch\u00e9ant, Google transmettra \u00e9galement ces informations \u00e0 des tiers, dans la mesure o\u00f9 cela est prescrit par la loi ou si des tiers traitent ces donn\u00e9es pour le compte de Google. Google n'associera en aucun cas votre adresse IP \u00e0 d'autres donn\u00e9es de Google. Vous pouvez emp\u00eacher l'installation des cookies en param\u00e9trant votre navigateur en cons\u00e9quence ; nous attirons toutefois votre attention sur le fait que, dans ce cas, vous ne pourrez peut-\u00eatre pas utiliser toutes les fonctions de ce site web dans leur int\u00e9gralit\u00e9.<\/p>\n<p>En utilisant ce site internet, vous consentez express\u00e9ment au traitement de vos donn\u00e9es nominatives par Google dans les conditions et pour les finalit\u00e9s d\u00e9crites ci-dessus.<\/p>\n<p>En outre, nous attirons votre attention sur le fait que<\/p>\n<ul>\n<li>des fournisseurs tiers, y compris Google, diffusent des annonces sur des sites web sur Internet.<\/li>\n<li>des fournisseurs tiers, y compris Google, utilisent des cookies pour diffuser des annonces bas\u00e9es sur les visites pr\u00e9c\u00e9dentes d'un utilisateur sur notre site.<\/li>\n<li>Vous, en tant qu'utilisateur, pouvez d\u00e9sactiver l'utilisation de cookies par Google en&nbsp;<a href=\"http:\/\/www.google.com\/privacy_ads.html\" target=\"_blank\" rel=\"noopener nofollow external\">Page de d\u00e9sactivation de la publicit\u00e9 Google<\/a>&nbsp;pour l'appeler.<\/li>\n<\/ul>\n<\/div>\n<\/div>\n<div>\n<div>\n<div>Analyse web Matomo<\/div>\n<p>Notre site web utilise le service d'analyse web Matomo. Matomo utilise des \"cookies\" (il s'agit de fichiers texte qui sont enregistr\u00e9s sur votre ordinateur). Ces cookies nous permettent d'analyser l'utilisation du site web. \u00c0 cette fin, les informations d'utilisation g\u00e9n\u00e9r\u00e9es (y compris votre adresse IP abr\u00e9g\u00e9e) sont transmises \u00e0 notre serveur et enregistr\u00e9es \u00e0 des fins d'analyse d'utilisation, ce qui permet d'optimiser le site web. Votre adresse IP est anonymis\u00e9e, de sorte que vous restez compl\u00e8tement anonyme pour nous en tant qu'utilisateur. Les informations g\u00e9n\u00e9r\u00e9es par le cookie concernant votre utilisation de ce site web ne sont pas transmises \u00e0 des tiers. Vous pouvez emp\u00eacher l'utilisation des cookies en param\u00e9trant votre navigateur en cons\u00e9quence, mais il se peut alors que vous ne puissiez pas utiliser pleinement toutes les fonctions de ce site web.<\/p>\n<p>Si vous n'\u00eates pas d'accord avec l'enregistrement et l'\u00e9valuation de ces donn\u00e9es de votre visite, vous pouvez vous y opposer ou les d\u00e9sactiver \u00e0 tout moment en cliquant sur la souris. Dans ce cas, un cookie dit opt-out est d\u00e9pos\u00e9 dans votre navigateur, ce qui a pour cons\u00e9quence que Matomo ne collecte aucune donn\u00e9e de session. Attention : lors de la suppression des cookies, le cookie opt-out est \u00e9galement supprim\u00e9. Le r\u00e9glage doit donc \u00eatre effectu\u00e9 \u00e0 nouveau.<\/p>\n<p><strong>contradiction :<\/strong><\/p>\n<p>Votre visite sur ce site web est actuellement enregistr\u00e9e par l'analyse web Matomo.<\/p>\n<p><a href=\"https:\/\/pulsair.net\/fr\/Ing.-W.-Pletzer-Auth.-Puls-Air-e.U.-Impressum_pid,54592,type,impressum.html\/\">D\u00e9sactiver l'analyse web<\/a><\/p>\n<\/div>\n<\/div>\n<div>\n<div>\n<div>R\u00e8glement des litiges en ligne<\/div>\n<p><strong>Plate-forme de r\u00e8glement en ligne des litiges de la Commission europ\u00e9enne :<\/strong><br><a href=\"http:\/\/ec.europa.eu\/consumers\/odr\/\" target=\"_blank\" rel=\"noopener nofollow external\">http:\/\/ec.europa.eu\/consumers\/odr\/<\/a><\/p>\n<\/div>\n<\/div>\n<div>\n<div>\n<div>Donn\u00e9es du formulaire et commentaires<\/div>\n<p>Lorsque les visiteurs du site web laissent des commentaires ou des entr\u00e9es de formulaire, les donn\u00e9es saisies et leurs adresses IP sont enregistr\u00e9es. Cela est fait par s\u00e9curit\u00e9, au cas o\u00f9 quelqu'un \u00e9crirait des contenus illicites (insultes, propagande d'extr\u00eame gauche ou d'extr\u00eame droite, posts haineux, etc.) Dans ce cas, nous sommes int\u00e9ress\u00e9s par l'identit\u00e9 de l'auteur.<\/p>\n<\/div>\n<\/div>\n<div>\n<div>\n<div>Google Maps<\/div>\n<p>Ce site web utilise Google Maps pour la repr\u00e9sentation d'informations cartographiques. Lors de l'utilisation de Google Maps, Google collecte, traite et utilise \u00e9galement des donn\u00e9es relatives \u00e0 l'utilisation des fonctions Maps par les visiteurs des pages web. Pour plus d'informations sur le traitement des donn\u00e9es par Google, vous pouvez consulter les informations sur la protection des donn\u00e9es de Google sur&nbsp;<a href=\"https:\/\/policies.google.com\/privacy\" target=\"_blank\" rel=\"noopener nofollow external\">https:\/\/policies.google.com\/privacy<\/a>&nbsp;dans le menu de navigation. Vous pouvez \u00e9galement y modifier vos param\u00e8tres dans le centre de protection des donn\u00e9es, ce qui vous permet de g\u00e9rer et de prot\u00e9ger vos donn\u00e9es.<\/p>\n<\/div>\n<\/div>\n<div>\n<div>\n<div>Cookies<\/div>\n<p>Les sites Internet utilisent en partie des \u00ab cookies \u00bb. Les cookies n\u2019endommagent pas votre ordinateur et ne contiennent pas de virus. Les cookies servent \u00e0 rendre notre offre plus conviviale, efficace et s\u00fbre. Les cookies sont de petits fichiers texte qui sont d\u00e9pos\u00e9s sur votre ordinateur et que votre navigateur enregistre.<\/p>\n<p>La plupart des cookies que nous utilisons sont des \u00ab cookies de session \u00bb. Ils sont automatiquement supprim\u00e9s apr\u00e8s la fin de votre visite. D'autres cookies restent stock\u00e9s sur votre terminal jusqu'\u00e0 ce que vous les supprimiez. Ces cookies nous permettent de reconna\u00eetre votre navigateur lors de votre prochaine visite.<\/p>\n<p>Vous pouvez configurer votre navigateur pour \u00eatre inform\u00e9 de la cr\u00e9ation de cookies et n'autoriser les cookies que dans des cas individuels, exclure l'acceptation des cookies pour des cas sp\u00e9cifiques ou en g\u00e9n\u00e9ral, et activer la suppression automatique des cookies \u00e0 la fermeture du navigateur. La d\u00e9sactivation des cookies peut limiter la fonctionnalit\u00e9 de ce site Web.<\/p>\n<\/div>\n<\/div>\n<\/div>\n<\/div>\n<div>&nbsp;<\/div><\/div>\n\t\t\t\t<\/div>\n\t\t\t\t<\/div>\n\t\t\t\t\t\t<\/div>\n\t\t\t<\/div>\n\t\t<\/div>\n\t\t\t\t\t\t<\/div>\n\t\t\t<\/div>\n\t\t<\/section>\n\t\t\t\t\t\t<\/div>\n\t\t\t<\/div>\n\t\t<\/div>","protected":false},"excerpt":{"rendered":"<p>Impressum Ing. W.Pletzer Autohaus-&nbsp;Puls Air GmbH Innsbruckerstra\u00dfe 10 6353 Going \u00d6sterreich Tel.:&nbsp;+43(0)5358 3600 Fax:&nbsp;+43(0)5358 3603 E-Mail:&nbsp;info@pulsair.net &nbsp; Firmendaten UID:&nbsp;ATU80957458 FN:&nbsp;180950d FN-Gericht:&nbsp;Landesgericht Innsbruck Wirtschaftskammer:&nbsp;Bezirkshauptmannschaft Kitzb\u00fchel &nbsp; Bankverbindung BLZ:&nbsp;363 58 Kto.:&nbsp;453 3642 IBAN: AT32 3623 2000 0005 4395 BIC:&nbsp;RZTIAT22232 Informationspflicht WKO Konzept, Umsetzung, Webhosting Futureweb GmbH Onlinemarketing Luca Pletzer Bef\u00fcllung und Betreuung Onlinemarketing: Onlinemarketing Luca Pletzer&nbsp;www.luca-pletzer.com Google [&hellip;]<\/p>","protected":false},"author":2,"featured_media":0,"parent":0,"menu_order":0,"comment_status":"closed","ping_status":"closed","template":"","meta":{"footnotes":""},"class_list":["post-1108","page","type-page","status-publish","hentry"],"_links":{"self":[{"href":"https:\/\/pulsair.net\/fr\/wp-json\/wp\/v2\/pages\/1108","targetHints":{"allow":["GET"]}}],"collection":[{"href":"https:\/\/pulsair.net\/fr\/wp-json\/wp\/v2\/pages"}],"about":[{"href":"https:\/\/pulsair.net\/fr\/wp-json\/wp\/v2\/types\/page"}],"author":[{"embeddable":true,"href":"https:\/\/pulsair.net\/fr\/wp-json\/wp\/v2\/users\/2"}],"replies":[{"embeddable":true,"href":"https:\/\/pulsair.net\/fr\/wp-json\/wp\/v2\/comments?post=1108"}],"version-history":[{"count":0,"href":"https:\/\/pulsair.net\/fr\/wp-json\/wp\/v2\/pages\/1108\/revisions"}],"wp:attachment":[{"href":"https:\/\/pulsair.net\/fr\/wp-json\/wp\/v2\/media?parent=1108"}],"curies":[{"name":"wp","href":"https:\/\/api.w.org\/{rel}","templated":true}]}}