{"id":410,"date":"2020-05-26T07:16:01","date_gmt":"2020-05-26T07:16:01","guid":{"rendered":"https:\/\/werkstattheizung.pulsair.net\/?post_type=product&#038;p=410"},"modified":"2026-03-24T08:52:07","modified_gmt":"2026-03-24T08:52:07","slug":"puls-air-plus","status":"publish","type":"product","link":"https:\/\/pulsair.net\/fr\/produkt\/puls-air-plus\/","title":{"rendered":"Puls-air Plus 23,5 kW Chauffage de halls et d'ateliers"},"content":{"rendered":"<h2>Donn\u00e9es cl\u00e9s Puls-air Plus 23,5 kW Chauffage de halls et d'ateliers :<\/h2>\n<ul>\n<li><strong>Puissance<\/strong>:\n<ul>\n<li>23,5 kW \u00e0 pleine puissance<\/li>\n<li>18,5 kW Niveau \u00e9conomique<\/li>\n<\/ul>\n<\/li>\n<li><strong>Niveaux de puissance<\/strong>: 2<\/li>\n<li><strong>Dimensions<\/strong>75cm x 55cm x 95cm (L x l x H)<\/li>\n<\/ul>\n<ul>\n<li><strong>Poids<\/strong>75 kg<\/li>\n<li><strong>Surface de stand<\/strong>environ 1m<\/li>\n<li><strong>Option r\u00e9servoir externe<\/strong>: oui<\/li>\n<li><strong>R\u00e9gulation automatique de la temp\u00e9rature<\/strong>: oui<\/li>\n<li><strong>Carburant<\/strong>Fuel, diesel, HVO100<\/li>\n<li><strong>Consommation par heure \u00e9coul\u00e9e :<\/strong>\n<ul>\n<li>Pleine puissance : 2,1 kg de fioul\/h<\/li>\n<li>Niveau \u00e9conomique : 1,65 kg de mazout\/h<\/li>\n<\/ul>\n<\/li>\n<li><strong>R\u00e9servoir fourni<\/strong>: 20L<\/li>\n<li><strong>D\u00e9bit d'air<\/strong>: 2500m\u00b3 d'air de chauffage\/h<\/li>\n<li><strong>Temp\u00e9rature de l'air chaud<\/strong>environ 45\u00b0C<\/li>\n<li><strong>Raccordement \u00e9lectrique<\/strong>: 230 V<\/li>\n<li><strong>Rendement<\/strong>: au moins 97 %<\/li>\n<li><strong>Taille max. Taille de la pi\u00e8ce pour un appareil :<\/strong> 1.800-2.000m\u00b3<\/li>\n<li><strong>Couleur<\/strong>bleu avec jaune<\/li>\n<\/ul>\n<h2>Description Puls-air Plus 23,5 kW<\/h2>\n<p>Ce mod\u00e8le est plus puissant que notre mod\u00e8le standard et convient aux pi\u00e8ces et aux halls particuli\u00e8rement grands. Comme tous nos mod\u00e8les, notre mod\u00e8le Plus dispose \u00e9galement de 2 niveaux de puissance : niveau \u00e9conomique et niveau complet.<\/p>\n<h3>Mod\u00e8le Plus Locaux \u00e0 partir de 600 m\u00b3 - 1 800 m\u00b3<\/h3>\n<p>Fonctionnement silencieux, mobilit\u00e9, \u00e9conomie &amp; long\u00e9vit\u00e9. Bien entendu, notre Puls-air Plus r\u00e9pond \u00e0 toutes ces caract\u00e9ristiques. Mais ce qui est exceptionnel avec cet appareil, c'est sa puissance de chauffage. En effet, avec une isolation optimale et une technique de construction de pointe, cet appareil permet m\u00eame de chauffer des locaux\/halles\/ateliers jusqu'\u00e0<strong> 1.800 m\u00b3<\/strong>\u00a0chauff\u00e9, avec\u00a0<strong>un seul appareil.<\/strong>\u00a0L'effet de rouleau et la combustion puls\u00e9e brevet\u00e9e le rendent possible.<\/p>\n<h3>Faites-vous une id\u00e9e de Puls-air<\/h3>\n<p>Visitez notre\u00a0<a href=\"https:\/\/pulsair.net\/fr\/referenzen\/\">R\u00e9f\u00e9rences<\/a> et lisez les diff\u00e9rents t\u00e9moignages d'utilisateurs, articles de presse, etc. Demandez \u00e0 des clients existants quelle est leur exp\u00e9rience avec Puls-air. Vous apprendrez rapidement que Puls-air est la r\u00e9f\u00e9rence en mati\u00e8re de chauffage au mazout pour les halls et les ateliers.<\/p>","protected":false},"excerpt":{"rendered":"<h1>Puls-air Plus 23,5 kW Chauffage de halls et d'ateliers<\/h1>\n<p><strong>Prix d'achat :<\/strong> \u20ac 7.800 hors TVA<br \/>\n<strong>taux de leasing :<\/strong> 190,97 \u20ac\/mois hors TVA (dur\u00e9e : 48 mois, pas d'acompte, 10 % de valeur r\u00e9siduelle)<\/p>\n<p><strong>Frais de livraison :<\/strong> \u00e0 partir de \u20ac 120 hors TVA<\/p>\n<p>Certifi\u00e9 CE &amp; approuv\u00e9 dans toute l'Europe.<\/p>\n<p>Le mod\u00e8le Puls 23,5 kW permet de chauffer des pi\u00e8ces jusqu'\u00e0 <strong>max. 1.800 m\u00e8tres cubes<\/strong> (pour les normes de construction les plus r\u00e9centes).<br \/>\n<strong>Consommation<\/strong>: pleine puissance : 2,1 kg de mazout\/h, niveau \u00e9conomique : 1,65 kg de mazout\/h.<\/p>\n<p>Pour les grandes pi\u00e8ces, il est \u00e9galement possible d'utiliser plusieurs appareils combin\u00e9s. Nous nous ferons un plaisir de vous conseiller !<\/p>","protected":false},"featured_media":537,"comment_status":"open","ping_status":"closed","template":"","meta":[],"product_brand":[],"product_cat":[40],"product_tag":[],"class_list":{"0":"post-410","1":"product","2":"type-product","3":"status-publish","4":"has-post-thumbnail","6":"product_cat-heizgeraete","8":"first","9":"instock","10":"taxable","11":"shipping-taxable","12":"purchasable","13":"product-type-simple"},"yoast_head":"<!-- This site is optimized with the Yoast SEO plugin v27.4 - https:\/\/yoast.com\/product\/yoast-seo-wordpress\/ -->\n<title>Puls-air Plus | 23,5 kW | Hallen- und Werkstattheizung<\/title>\n<meta name=\"description\" content=\"Der Puls-air Plus hat 23,5 kW und ist f\u00fcr R\u00e4ume bis 1.800 m\u00b3 geeignet. Es k\u00f6nnen auch mehrere Ger\u00e4te gleichzeitig eingesetzt werden.\" \/>\n<meta name=\"robots\" content=\"index, follow, max-snippet:-1, max-image-preview:large, max-video-preview:-1\" \/>\n<link rel=\"canonical\" href=\"https:\/\/pulsair.net\/fr\/produkt\/puls-air-plus\/\" \/>\n<meta property=\"og:locale\" content=\"fr_FR\" \/>\n<meta property=\"og:type\" content=\"article\" \/>\n<meta property=\"og:title\" content=\"Puls-air Plus | 23,5 kW | Hallen- und Werkstattheizung\" \/>\n<meta property=\"og:description\" content=\"Der Puls-air Plus hat 23,5 kW und ist f\u00fcr R\u00e4ume bis 1.800 m\u00b3 geeignet. Es k\u00f6nnen auch mehrere Ger\u00e4te gleichzeitig eingesetzt werden.\" \/>\n<meta property=\"og:url\" content=\"https:\/\/pulsair.net\/fr\/produkt\/puls-air-plus\/\" \/>\n<meta property=\"og:site_name\" content=\"Puls-air Hallen und Werkstattheizung\" \/>\n<meta property=\"article:modified_time\" content=\"2026-03-24T08:52:07+00:00\" \/>\n<meta property=\"og:image\" content=\"https:\/\/pulsair.net\/wp-content\/uploads\/2020\/05\/Puls-air-Heizger\u00e4t.png\" \/>\n\t<meta property=\"og:image:width\" content=\"1000\" \/>\n\t<meta property=\"og:image:height\" content=\"1000\" \/>\n\t<meta property=\"og:image:type\" content=\"image\/png\" \/>\n<meta name=\"twitter:card\" content=\"summary_large_image\" \/>\n<meta name=\"twitter:label1\" content=\"Est. reading time\" \/>\n\t<meta name=\"twitter:data1\" content=\"1 minute\" \/>\n<script type=\"application\/ld+json\" class=\"yoast-schema-graph\">{\"@context\":\"https:\\\/\\\/schema.org\",\"@graph\":[{\"@type\":\"WebPage\",\"@id\":\"https:\\\/\\\/pulsair.net\\\/it\\\/produkt\\\/puls-air-plus\\\/\",\"url\":\"https:\\\/\\\/pulsair.net\\\/it\\\/produkt\\\/puls-air-plus\\\/\",\"name\":\"Puls-air Plus | 23,5 kW | Hallen- und Werkstattheizung\",\"isPartOf\":{\"@id\":\"https:\\\/\\\/pulsair.net\\\/#website\"},\"primaryImageOfPage\":{\"@id\":\"https:\\\/\\\/pulsair.net\\\/it\\\/produkt\\\/puls-air-plus\\\/#primaryimage\"},\"image\":{\"@id\":\"https:\\\/\\\/pulsair.net\\\/it\\\/produkt\\\/puls-air-plus\\\/#primaryimage\"},\"thumbnailUrl\":\"https:\\\/\\\/pulsair.net\\\/wp-content\\\/uploads\\\/2020\\\/05\\\/Puls-air-Heizger\u00e4t.png\",\"datePublished\":\"2020-05-26T07:16:01+00:00\",\"dateModified\":\"2026-03-24T08:52:07+00:00\",\"description\":\"Der Puls-air Plus hat 23,5 kW und ist f\u00fcr R\u00e4ume bis 1.800 m\u00b3 geeignet. Es k\u00f6nnen auch mehrere Ger\u00e4te gleichzeitig eingesetzt werden.\",\"breadcrumb\":{\"@id\":\"https:\\\/\\\/pulsair.net\\\/it\\\/produkt\\\/puls-air-plus\\\/#breadcrumb\"},\"inLanguage\":\"fr-FR\",\"potentialAction\":[{\"@type\":\"ReadAction\",\"target\":[\"https:\\\/\\\/pulsair.net\\\/it\\\/produkt\\\/puls-air-plus\\\/\"]}]},{\"@type\":\"ImageObject\",\"inLanguage\":\"fr-FR\",\"@id\":\"https:\\\/\\\/pulsair.net\\\/it\\\/produkt\\\/puls-air-plus\\\/#primaryimage\",\"url\":\"https:\\\/\\\/pulsair.net\\\/wp-content\\\/uploads\\\/2020\\\/05\\\/Puls-air-Heizger\u00e4t.png\",\"contentUrl\":\"https:\\\/\\\/pulsair.net\\\/wp-content\\\/uploads\\\/2020\\\/05\\\/Puls-air-Heizger\u00e4t.png\",\"width\":1000,\"height\":1000,\"caption\":\"Werkstattheizung, Hallenheizung\"},{\"@type\":\"BreadcrumbList\",\"@id\":\"https:\\\/\\\/pulsair.net\\\/it\\\/produkt\\\/puls-air-plus\\\/#breadcrumb\",\"itemListElement\":[{\"@type\":\"ListItem\",\"position\":1,\"name\":\"Startseite\",\"item\":\"https:\\\/\\\/pulsair.net\\\/\"},{\"@type\":\"ListItem\",\"position\":2,\"name\":\"Puls-air Plus 23,5 kW Hallen- und Werkstattheizung\"}]},{\"@type\":\"WebSite\",\"@id\":\"https:\\\/\\\/pulsair.net\\\/#website\",\"url\":\"https:\\\/\\\/pulsair.net\\\/\",\"name\":\"Puls-air Hallen und Werkstattheizung\",\"description\":\"50 % Heizkosten sparen\",\"publisher\":{\"@id\":\"https:\\\/\\\/pulsair.net\\\/#organization\"},\"potentialAction\":[{\"@type\":\"SearchAction\",\"target\":{\"@type\":\"EntryPoint\",\"urlTemplate\":\"https:\\\/\\\/pulsair.net\\\/?s={search_term_string}\"},\"query-input\":{\"@type\":\"PropertyValueSpecification\",\"valueRequired\":true,\"valueName\":\"search_term_string\"}}],\"inLanguage\":\"fr-FR\"},{\"@type\":\"Organization\",\"@id\":\"https:\\\/\\\/pulsair.net\\\/#organization\",\"name\":\"Puls-air Hallen und Werkstattheizung\",\"url\":\"https:\\\/\\\/pulsair.net\\\/\",\"logo\":{\"@type\":\"ImageObject\",\"inLanguage\":\"fr-FR\",\"@id\":\"https:\\\/\\\/pulsair.net\\\/#\\\/schema\\\/logo\\\/image\\\/\",\"url\":\"https:\\\/\\\/pulsair.net\\\/wp-content\\\/uploads\\\/2020\\\/07\\\/cropped-cropped-Rotation-alleine-500x500-1.png\",\"contentUrl\":\"https:\\\/\\\/pulsair.net\\\/wp-content\\\/uploads\\\/2020\\\/07\\\/cropped-cropped-Rotation-alleine-500x500-1.png\",\"width\":512,\"height\":512,\"caption\":\"Puls-air Hallen und Werkstattheizung\"},\"image\":{\"@id\":\"https:\\\/\\\/pulsair.net\\\/#\\\/schema\\\/logo\\\/image\\\/\"}}]}<\/script>\n<!-- \/ Yoast SEO plugin. -->","yoast_head_json":{"title":"Puls-air Plus | 23,5 kW | Hallen- und Werkstattheizung","description":"Der Puls-air Plus hat 23,5 kW und ist f\u00fcr R\u00e4ume bis 1.800 m\u00b3 geeignet. Es k\u00f6nnen auch mehrere Ger\u00e4te gleichzeitig eingesetzt werden.","robots":{"index":"index","follow":"follow","max-snippet":"max-snippet:-1","max-image-preview":"max-image-preview:large","max-video-preview":"max-video-preview:-1"},"canonical":"https:\/\/pulsair.net\/fr\/produkt\/puls-air-plus\/","og_locale":"fr_FR","og_type":"article","og_title":"Puls-air Plus | 23,5 kW | Hallen- und Werkstattheizung","og_description":"Der Puls-air Plus hat 23,5 kW und ist f\u00fcr R\u00e4ume bis 1.800 m\u00b3 geeignet. Es k\u00f6nnen auch mehrere Ger\u00e4te gleichzeitig eingesetzt werden.","og_url":"https:\/\/pulsair.net\/fr\/produkt\/puls-air-plus\/","og_site_name":"Puls-air Hallen und Werkstattheizung","article_modified_time":"2026-03-24T08:52:07+00:00","og_image":[{"width":1000,"height":1000,"url":"https:\/\/pulsair.net\/wp-content\/uploads\/2020\/05\/Puls-air-Heizger\u00e4t.png","type":"image\/png"}],"twitter_card":"summary_large_image","twitter_misc":{"Est. reading time":"1 minute"},"schema":{"@context":"https:\/\/schema.org","@graph":[{"@type":"WebPage","@id":"https:\/\/pulsair.net\/it\/produkt\/puls-air-plus\/","url":"https:\/\/pulsair.net\/it\/produkt\/puls-air-plus\/","name":"Puls-air Plus | 23,5 kW | Hallen- und Werkstattheizung","isPartOf":{"@id":"https:\/\/pulsair.net\/#website"},"primaryImageOfPage":{"@id":"https:\/\/pulsair.net\/it\/produkt\/puls-air-plus\/#primaryimage"},"image":{"@id":"https:\/\/pulsair.net\/it\/produkt\/puls-air-plus\/#primaryimage"},"thumbnailUrl":"https:\/\/pulsair.net\/wp-content\/uploads\/2020\/05\/Puls-air-Heizger\u00e4t.png","datePublished":"2020-05-26T07:16:01+00:00","dateModified":"2026-03-24T08:52:07+00:00","description":"Der Puls-air Plus hat 23,5 kW und ist f\u00fcr R\u00e4ume bis 1.800 m\u00b3 geeignet. Es k\u00f6nnen auch mehrere Ger\u00e4te gleichzeitig eingesetzt werden.","breadcrumb":{"@id":"https:\/\/pulsair.net\/it\/produkt\/puls-air-plus\/#breadcrumb"},"inLanguage":"fr-FR","potentialAction":[{"@type":"ReadAction","target":["https:\/\/pulsair.net\/it\/produkt\/puls-air-plus\/"]}]},{"@type":"ImageObject","inLanguage":"fr-FR","@id":"https:\/\/pulsair.net\/it\/produkt\/puls-air-plus\/#primaryimage","url":"https:\/\/pulsair.net\/wp-content\/uploads\/2020\/05\/Puls-air-Heizger\u00e4t.png","contentUrl":"https:\/\/pulsair.net\/wp-content\/uploads\/2020\/05\/Puls-air-Heizger\u00e4t.png","width":1000,"height":1000,"caption":"Werkstattheizung, Hallenheizung"},{"@type":"BreadcrumbList","@id":"https:\/\/pulsair.net\/it\/produkt\/puls-air-plus\/#breadcrumb","itemListElement":[{"@type":"ListItem","position":1,"name":"Startseite","item":"https:\/\/pulsair.net\/"},{"@type":"ListItem","position":2,"name":"Puls-air Plus 23,5 kW Hallen- und Werkstattheizung"}]},{"@type":"WebSite","@id":"https:\/\/pulsair.net\/#website","url":"https:\/\/pulsair.net\/","name":"Puls-air Hallen und Werkstattheizung","description":"50 % Heizkosten sparen","publisher":{"@id":"https:\/\/pulsair.net\/#organization"},"potentialAction":[{"@type":"SearchAction","target":{"@type":"EntryPoint","urlTemplate":"https:\/\/pulsair.net\/?s={search_term_string}"},"query-input":{"@type":"PropertyValueSpecification","valueRequired":true,"valueName":"search_term_string"}}],"inLanguage":"fr-FR"},{"@type":"Organization","@id":"https:\/\/pulsair.net\/#organization","name":"Puls-air Hallen und Werkstattheizung","url":"https:\/\/pulsair.net\/","logo":{"@type":"ImageObject","inLanguage":"fr-FR","@id":"https:\/\/pulsair.net\/#\/schema\/logo\/image\/","url":"https:\/\/pulsair.net\/wp-content\/uploads\/2020\/07\/cropped-cropped-Rotation-alleine-500x500-1.png","contentUrl":"https:\/\/pulsair.net\/wp-content\/uploads\/2020\/07\/cropped-cropped-Rotation-alleine-500x500-1.png","width":512,"height":512,"caption":"Puls-air Hallen und Werkstattheizung"},"image":{"@id":"https:\/\/pulsair.net\/#\/schema\/logo\/image\/"}}]}},"_links":{"self":[{"href":"https:\/\/pulsair.net\/fr\/wp-json\/wp\/v2\/product\/410","targetHints":{"allow":["GET"]}}],"collection":[{"href":"https:\/\/pulsair.net\/fr\/wp-json\/wp\/v2\/product"}],"about":[{"href":"https:\/\/pulsair.net\/fr\/wp-json\/wp\/v2\/types\/product"}],"replies":[{"embeddable":true,"href":"https:\/\/pulsair.net\/fr\/wp-json\/wp\/v2\/comments?post=410"}],"wp:featuredmedia":[{"embeddable":true,"href":"https:\/\/pulsair.net\/fr\/wp-json\/wp\/v2\/media\/537"}],"wp:attachment":[{"href":"https:\/\/pulsair.net\/fr\/wp-json\/wp\/v2\/media?parent=410"}],"wp:term":[{"taxonomy":"product_brand","embeddable":true,"href":"https:\/\/pulsair.net\/fr\/wp-json\/wp\/v2\/product_brand?post=410"},{"taxonomy":"product_cat","embeddable":true,"href":"https:\/\/pulsair.net\/fr\/wp-json\/wp\/v2\/product_cat?post=410"},{"taxonomy":"product_tag","embeddable":true,"href":"https:\/\/pulsair.net\/fr\/wp-json\/wp\/v2\/product_tag?post=410"}],"curies":[{"name":"wp","href":"https:\/\/api.w.org\/{rel}","templated":true}]}}