{"id":411,"date":"2020-05-26T07:17:32","date_gmt":"2020-05-26T07:17:32","guid":{"rendered":"https:\/\/werkstattheizung.pulsair.net\/?post_type=product&#038;p=411"},"modified":"2026-03-24T08:51:58","modified_gmt":"2026-03-24T08:51:58","slug":"standard","status":"publish","type":"product","link":"https:\/\/pulsair.net\/fr\/product\/standard\/","title":{"rendered":"Puls-air Standard 17,5 kW Chauffage de halls et d'ateliers"},"content":{"rendered":"<h2>Donn\u00e9es cl\u00e9s Puls-air Standard 17,5 kW Chauffage de halls et d'ateliers :<\/h2>\n<ul>\n<li><strong>Puissance<\/strong>:\n<ul>\n<li>17,5 kW \u00e0 pleine puissance<\/li>\n<li>13 kW Niveau \u00e9conomique<\/li>\n<\/ul>\n<\/li>\n<li><strong>Niveaux de puissance<\/strong>: 2<\/li>\n<li><strong>Dimensions<\/strong>75cm x 55cm x 95cm (L x l x H)<\/li>\n<\/ul>\n<ul>\n<li><strong>Poids<\/strong>75 kg<\/li>\n<li><strong>Surface de stand<\/strong>environ 1m<\/li>\n<li><strong>Option r\u00e9servoir externe<\/strong>: oui<\/li>\n<li><strong>R\u00e9gulation automatique de la temp\u00e9rature<\/strong>: oui<\/li>\n<li><strong>Carburant<\/strong>Fuel, diesel, HVO100<\/li>\n<li><strong>Consommation par heure \u00e9coul\u00e9e :<\/strong>\n<ul>\n<li>Pleine puissance : 1,55 kg de mazout\/h<\/li>\n<li>Niveau \u00e9conomique : 1,1 kg de mazout\/h<\/li>\n<\/ul>\n<\/li>\n<li><strong>R\u00e9servoir fourni<\/strong>: 20L<\/li>\n<li><strong>D\u00e9bit d'air<\/strong>1850m\u00b3 d'air de chauffage\/h<\/li>\n<li><strong>Temp\u00e9rature de l'air chaud<\/strong>environ 45\u00b0C<\/li>\n<li><strong>Raccordement \u00e9lectrique<\/strong>: 230 V<\/li>\n<li><strong>Rendement<\/strong>: au moins 97 %<\/li>\n<li><strong>Taille max. Taille de la pi\u00e8ce pour un appareil :<\/strong>\u00a0500-600m\u00b3<\/li>\n<li><strong>Couleur<\/strong>bleu avec jaune<\/li>\n<\/ul>\n<h2>Description Puls-air mod\u00e8le standard<\/h2>\n<p>Le mod\u00e8le standard vous offre deux niveaux de puissance : Un niveau de puissance complet pour les pi\u00e8ces (halls, ateliers, garages, etc.) jusqu'\u00e0\u00a0<strong>max. 600 m\u00e8tres cubes<\/strong>. Ainsi qu'un niveau \u00e9conomique pour les pi\u00e8ces de 400 m\u00e8tres cubes maximum par appareil.<\/p>\n<h3>Laissez-vous convaincre par Puls-air :<\/h3>\n<p>Les appareils de chauffage Puls-air convainquent particuli\u00e8rement par leur fonctionnement silencieux, leur mobilit\u00e9, leur absence d'entretien et leur \u00e9conomie. Nos appareils de chauffage sont les plus \u00e9conomiques et les plus efficaces du march\u00e9, ce qui est d\u00fb \u00e0 notre syst\u00e8me de chauffage au mazout brevet\u00e9.\u00a0<a href=\"\/fr\/technik\/\">combustion puls\u00e9e<\/a>\u00a0possible.<\/p>\n<h3>Des r\u00e9f\u00e9rences confirment notre qualit\u00e9 :<\/h3>\n<p>Visitez \u00e9galement notre <a href=\"https:\/\/pulsair.net\/fr\/referenzen\/\">R\u00e9f\u00e9rences\u00a0<\/a> page. Nous y publions de nombreux t\u00e9moignages d'utilisateurs, des r\u00e9f\u00e9rences et des articles de presse qui soulignent la qualit\u00e9 sup\u00e9rieure de nos chauffages de halls et d'ateliers.<\/p>","protected":false},"excerpt":{"rendered":"<h2>Puls-air Standard 17,5 kW Chauffage de halls et d'ateliers<\/h2>\n<p><strong>Prix d'achat : <\/strong>\u20ac 7 400 hors TVA<br \/>\n<strong>taux de leasing :<\/strong> 190,97 \u20ac\/mois hors TVA (dur\u00e9e : 48 mois, pas d'acompte, 10 % de valeur r\u00e9siduelle)<\/p>\n<p><strong>Frais de livraison :<\/strong> \u00e0 partir de \u20ac 120 hors TVA<\/p>\n<p>Certifi\u00e9 CE &amp; approuv\u00e9 dans toute l'Europe.<\/p>\n<p>Le mod\u00e8le standard 17,5 kW permet de chauffer des pi\u00e8ces jusqu'\u00e0 <strong>max. 600 m\u00e8tres cubes<\/strong> (pour les normes de construction les plus r\u00e9centes).<br \/>\n<strong>Consommation<\/strong>: pleine puissance : 1,55 kg de fioul\/h, niveau \u00e9conomique : 1,1 kg de fioul\/h.<\/p>\n<p>Pour les grandes pi\u00e8ces, nous recommandons notre Puls-air<br \/>\n<a href=\"https:\/\/pulsair.net\/fr\/product\/puls-air-plus\/\">Appareil Plus de 23,5 kW<\/a>.<\/p>","protected":false},"featured_media":537,"comment_status":"open","ping_status":"closed","template":"","meta":[],"class_list":{"0":"post-411","1":"product","2":"type-product","3":"status-publish","4":"has-post-thumbnail","6":"product_cat-heizgeraete","8":"first","9":"instock","10":"taxable","11":"shipping-taxable","12":"purchasable","13":"product-type-simple"},"_links":{"self":[{"href":"https:\/\/pulsair.net\/fr\/wp-json\/wp\/v2\/product\/411","targetHints":{"allow":["GET"]}}],"collection":[{"href":"https:\/\/pulsair.net\/fr\/wp-json\/wp\/v2\/product"}],"about":[{"href":"https:\/\/pulsair.net\/fr\/wp-json\/wp\/v2\/types\/product"}],"replies":[{"embeddable":true,"href":"https:\/\/pulsair.net\/fr\/wp-json\/wp\/v2\/comments?post=411"}],"wp:featuredmedia":[{"embeddable":true,"href":"https:\/\/pulsair.net\/fr\/wp-json\/wp\/v2\/media\/537"}],"wp:attachment":[{"href":"https:\/\/pulsair.net\/fr\/wp-json\/wp\/v2\/media?parent=411"}],"curies":[{"name":"wp","href":"https:\/\/api.w.org\/{rel}","templated":true}]}}