{"id":1108,"date":"2022-04-12T09:01:36","date_gmt":"2022-04-12T09:01:36","guid":{"rendered":"https:\/\/werkstattheizung.pulsair.net\/?page_id=1108"},"modified":"2026-03-26T08:39:23","modified_gmt":"2026-03-26T08:39:23","slug":"impressum","status":"publish","type":"page","link":"https:\/\/pulsair.net\/it\/impressum\/","title":{"rendered":"Impronta"},"content":{"rendered":"<div data-elementor-type=\"wp-page\" data-elementor-id=\"1108\" class=\"elementor elementor-1108\" data-elementor-settings=\"[]\">\n\t\t\t<div class=\"elementor-inner\">\n\t\t\t\t<div class=\"elementor-section-wrap\">\n\t\t\t\t\t\t\t<section class=\"elementor-element elementor-element-431ea6e elementor-section-boxed elementor-section-height-default elementor-section-height-default elementor-section elementor-top-section\" data-id=\"431ea6e\" data-element_type=\"section\">\n\t\t\t\t\t\t<div class=\"elementor-container elementor-column-gap-default\">\n\t\t\t\t<div class=\"elementor-row\">\n\t\t\t\t<div class=\"elementor-element elementor-element-db08fd0 elementor-column elementor-col-100 elementor-top-column\" data-id=\"db08fd0\" data-element_type=\"column\">\n\t\t\t<div class=\"elementor-column-wrap  elementor-element-populated\">\n\t\t\t\t\t<div class=\"elementor-widget-wrap\">\n\t\t\t\t<div class=\"elementor-element elementor-element-a4fd0b5 elementor-widget elementor-widget-image\" data-id=\"a4fd0b5\" data-element_type=\"widget\" data-widget_type=\"image.default\">\n\t\t\t\t<div class=\"elementor-widget-container\">\n\t\t\t\t\t<div class=\"elementor-image\">\n\t\t\t\t\t\t\t\t\t\t<img loading=\"lazy\" decoding=\"async\" width=\"100\" height=\"100\" src=\"https:\/\/pulsair.net\/wp-content\/uploads\/2020\/07\/cropped-Rotation-alleine-500x500-1-100x100.png\" class=\"attachment-shop_thumbnail size-shop_thumbnail\" alt=\"\" srcset=\"https:\/\/pulsair.net\/wp-content\/uploads\/2020\/07\/cropped-Rotation-alleine-500x500-1-100x100.png 100w, https:\/\/pulsair.net\/wp-content\/uploads\/2020\/07\/cropped-Rotation-alleine-500x500-1-300x300.png 300w, https:\/\/pulsair.net\/wp-content\/uploads\/2020\/07\/cropped-Rotation-alleine-500x500-1-150x150.png 150w, https:\/\/pulsair.net\/wp-content\/uploads\/2020\/07\/cropped-Rotation-alleine-500x500-1-270x270.png 270w, https:\/\/pulsair.net\/wp-content\/uploads\/2020\/07\/cropped-Rotation-alleine-500x500-1-192x192.png 192w, https:\/\/pulsair.net\/wp-content\/uploads\/2020\/07\/cropped-Rotation-alleine-500x500-1-180x180.png 180w, https:\/\/pulsair.net\/wp-content\/uploads\/2020\/07\/cropped-Rotation-alleine-500x500-1-32x32.png 32w, https:\/\/pulsair.net\/wp-content\/uploads\/2020\/07\/cropped-Rotation-alleine-500x500-1.png 512w\" sizes=\"auto, (max-width: 100px) 100vw, 100px\" \/>\t\t\t\t\t\t\t\t\t\t\t<\/div>\n\t\t\t\t<\/div>\n\t\t\t\t<\/div>\n\t\t\t\t<div class=\"elementor-element elementor-element-fa02acb elementor-widget elementor-widget-text-editor\" data-id=\"fa02acb\" data-element_type=\"widget\" data-widget_type=\"text-editor.default\">\n\t\t\t\t<div class=\"elementor-widget-container\">\n\t\t\t\t\t<div class=\"elementor-text-editor elementor-clearfix\"><div class=\"titel_cst\"><div class=\"titel_cst_big\"><h1 class=\"Titel\">Impronta<\/h1><\/div><\/div><\/div>\n\t\t\t\t<\/div>\n\t\t\t\t<\/div>\n\t\t\t\t\t\t<\/div>\n\t\t\t<\/div>\n\t\t<\/div>\n\t\t\t\t\t\t<\/div>\n\t\t\t<\/div>\n\t\t<\/section>\n\t\t\t\t<section class=\"elementor-element elementor-element-5787501c elementor-section-boxed elementor-section-height-default elementor-section-height-default elementor-section elementor-top-section\" data-id=\"5787501c\" data-element_type=\"section\" data-settings=\"{&quot;background_background&quot;:&quot;classic&quot;}\">\n\t\t\t\t\t\t<div class=\"elementor-container elementor-column-gap-default\">\n\t\t\t\t<div class=\"elementor-row\">\n\t\t\t\t<div class=\"elementor-element elementor-element-16ebc67c elementor-column elementor-col-100 elementor-top-column\" data-id=\"16ebc67c\" data-element_type=\"column\">\n\t\t\t<div class=\"elementor-column-wrap  elementor-element-populated\">\n\t\t\t\t\t<div class=\"elementor-widget-wrap\">\n\t\t\t\t<div class=\"elementor-element elementor-element-646e4dae elementor-widget elementor-widget-text-editor\" data-id=\"646e4dae\" data-element_type=\"widget\" data-widget_type=\"text-editor.default\">\n\t\t\t\t<div class=\"elementor-widget-container\">\n\t\t\t\t\t<div class=\"elementor-text-editor elementor-clearfix\"><\/div>\n\t\t\t\t<\/div>\n\t\t\t\t<\/div>\n\t\t\t\t<div class=\"elementor-element elementor-element-15de111c elementor-widget elementor-widget-text-editor\" data-id=\"15de111c\" data-element_type=\"widget\" data-widget_type=\"text-editor.default\">\n\t\t\t\t<div class=\"elementor-widget-container\">\n\t\t\t\t\t<div class=\"elementor-text-editor elementor-clearfix\"><div>\n<div>\n<div>\n<p>Concessionaria auto W.Pletzer&nbsp;<span style=\"background-color: rgba(122, 122, 122, 0);\">Puls Air GmbH<\/span><\/p><\/div><\/div><\/div>\n<div>Via Innsbruck 10<\/div>\n<div>6353 Andare<\/div>\n<div>Austria<\/div>\n<div><span>Tel:<\/span>&nbsp;<span><a href=\"tel:004353583600\">+43(0)5358 3600<\/a><\/span><\/div>\n<div><span>Fax:<\/span>&nbsp;<span>+43(0)5358 3603<\/span><\/div>\n<div><span>E-mail:<\/span>&nbsp;<span><a href=\"mailto:info@pulsair.net\">info@pulsair.net<\/a><\/span><\/div>\n<div>&nbsp;<\/div>\n<h2>Dati aziendali<\/h2>\n<div><span>UID:&nbsp;<\/span><span style=\"background-color: rgba(122, 122, 122, 0);\">ATU80957458<\/span><\/div>\n<div><span>FN:&nbsp;<\/span><span>180950d<\/span><\/div>\n<div><span>Corte FN:&nbsp;<\/span><span>Tribunale regionale di Innsbruck<\/span><\/div>\n<div><span>Camera di Commercio:&nbsp;<\/span><span>Amministrazione distrettuale di Kitzb\u00fchel<\/span><\/div>\n<div>&nbsp;<\/div>\n<h2>Coordinate bancarie<\/h2>\n<div><span>CODICE SORT:&nbsp;<\/span><span>363 58<\/span><\/div>\n<div><span>Conto:&nbsp;<\/span><span>453 3642<\/span><\/div>\n<div><span>IBAN: AT32 3623 2000 0005 4395 <\/span><\/div>\n<div><span>BIC:&nbsp;<\/span><span>RZTIAT22232<\/span><\/div>\n<h2>Obbligo di informazione<\/h2>\n<p><a href=\"https:\/\/firmen.wko.at\/ing-werner-pletzer%2c-autohaus---puls-air-eu\/tirol\/?firmaid=0385697b-57d2-4992-9c2d-561f7f597caa&amp;=standorti\">WKO<\/a><\/p>\n<h2>Concetto, realizzazione, web hosting<\/h2>\n<p>Futureweb GmbH<\/p>\n<p>Marketing online Luca Pletzer<\/p>\n<div>\n<p>Riempimento e supporto per il marketing online: Onlinemarketing Luca Pletzer&nbsp;<a href=\"http:\/\/www.luca-pletzer.com\/\">www.luca-pletzer.com<\/a><\/p>\n<\/div>\n<div>\n<div>\n<div>\n<div>\n<div>Informativa sulla privacy di Google Analytics e di fornitori terzi<\/div>\n<p>Questo sito web utilizza Google Analytics, un servizio di analisi web fornito da Google Inc (\"Google\"). Google Analytics utilizza dei \"cookies\", file di testo che vengono depositati sul vostro computer per consentire al sito web di analizzare come gli utenti utilizzano il sito. Le informazioni generate dal cookie sull'utilizzo del sito web da parte dell'utente (compreso il suo indirizzo IP) vengono trasmesse e memorizzate da Google su un server negli Stati Uniti. Google utilizzer\u00e0 queste informazioni allo scopo di analizzare il vostro utilizzo del sito web, compilare report sulle attivit\u00e0 del sito web per gli operatori del sito web e fornire altri servizi relativi alle attivit\u00e0 del sito web e all'utilizzo di Internet. Google pu\u00f2 anche trasferire queste informazioni a terzi, se ci\u00f2 \u00e8 richiesto dalla legge o se tali terzi elaborano le informazioni per conto di Google. Google non assocer\u00e0 il vostro indirizzo IP a nessun altro dato posseduto da Google. Potete rifiutarvi di usare i cookie selezionando l'impostazione appropriata sul vostro browser, ma tenete presente che in tal caso potreste non essere in grado di utilizzare tutte le funzionalit\u00e0 di questo sito web.<\/p>\n<p>Utilizzando il presente sito web, acconsentite al trattamento dei vostri dati da parte di Google per le modalit\u00e0 e i fini sopraindicati.<\/p>\n<p>Inoltre, vorremmo sottolineare che<\/p>\n<ul>\n<li>Fornitori terzi, tra cui Google, inseriscono annunci pubblicitari sui siti web di Internet.<\/li>\n<li>I fornitori di terze parti, tra cui Google, utilizzano i cookie per pubblicare annunci pubblicitari in base alle precedenti visite dell'utente al nostro sito web.<\/li>\n<li>L'utente pu\u00f2 disattivare l'utilizzo dei cookie da parte di Google disattivando il sito web di Google.&nbsp;<a href=\"http:\/\/www.google.com\/privacy_ads.html\" target=\"_blank\" rel=\"noopener nofollow external\">Pagina per la disattivazione della pubblicit\u00e0 di Google<\/a>&nbsp;chiamata.<\/li>\n<\/ul>\n<\/div>\n<\/div>\n<div>\n<div>\n<div>Analisi web Matomo<\/div>\n<p>Il nostro sito web utilizza il servizio di analisi web Matomo. Matomo utilizza i cosiddetti \"cookie\" (file di testo che vengono memorizzati sul vostro computer). Questi cookie ci consentono di analizzare l'utilizzo del sito web. A tal fine, le informazioni generate sull'utilizzo (compreso il vostro indirizzo IP abbreviato) vengono trasmesse al nostro server e memorizzate a fini di analisi dell'utilizzo, per ottimizzare il sito web. L'indirizzo IP dell'utente viene anonimizzato, in modo che l'utente rimanga completamente anonimo per noi. Le informazioni generate dal cookie sull'utilizzo del sito web non vengono trasmesse a terzi. L'utente pu\u00f2 rifiutare l'uso dei cookie selezionando l'impostazione appropriata sul proprio browser; tuttavia, si noti che in tal caso potrebbe non essere in grado di utilizzare tutte le funzionalit\u00e0 di questo sito web.<\/p>\n<p>Se non siete d'accordo con l'archiviazione e l'analisi di questi dati, potete opporvi o disattivarli in qualsiasi momento facendo clic con il mouse. In questo caso, nel vostro browser verr\u00e0 memorizzato un cosiddetto cookie di opt-out, il che significa che Matomo non raccoglier\u00e0 alcun dato di sessione. Attenzione: se si cancellano i cookie, viene cancellato anche il cookie di opt-out. \u00c8 quindi necessario effettuare nuovamente l'impostazione.<\/p>\n<p><strong>Contraddizione:<\/strong><\/p>\n<p>La vostra visita a questo sito web viene attualmente registrata da Matomo web analytics.<\/p>\n<p><a href=\"https:\/\/pulsair.net\/it\/Ing.-W.-Pletzer-Auth.-Puls-Air-e.U.-Impressum_pid,54592,type,impressum.html\/\">Disattivare l'analisi web<\/a><\/p>\n<\/div>\n<\/div>\n<div>\n<div>\n<div>Risoluzione delle controversie online<\/div>\n<p><strong>Piattaforma per la risoluzione delle controversie online della Commissione europea:<\/strong><br><a href=\"http:\/\/ec.europa.eu\/consumers\/odr\/\" target=\"_blank\" rel=\"noopener nofollow external\">http:\/\/ec.europa.eu\/consumers\/odr\/<\/a><\/p>\n<\/div>\n<\/div>\n<div>\n<div>\n<div>Dati e commenti sul modulo<\/div>\n<p>Quando i visitatori del sito web lasciano un commento o un modulo, i dati inseriti e il loro indirizzo IP vengono memorizzati. Ci\u00f2 avviene per motivi di sicurezza nel caso in cui qualcuno pubblichi contenuti illegali (insulti, propaganda estremista di destra o di sinistra, messaggi di odio, ecc.) In questo caso, siamo interessati all'identit\u00e0 dell'autore.<\/p>\n<\/div>\n<\/div>\n<div>\n<div>\n<div>Google Maps<\/div>\n<p>Questo sito web utilizza Google Maps per visualizzare le informazioni sulle mappe. Quando viene utilizzato Google Maps, Google raccoglie, elabora e utilizza anche i dati relativi all'utilizzo delle funzioni di Maps da parte dei visitatori del sito web. Per ulteriori informazioni sull'elaborazione dei dati da parte di Google, consultare l'informativa sulla privacy di Google all'indirizzo&nbsp;<a href=\"https:\/\/policies.google.com\/privacy\" target=\"_blank\" rel=\"noopener nofollow external\">https:\/\/policies.google.com\/privacy<\/a>&nbsp;nel centro di protezione dei dati. Nel centro di protezione dei dati \u00e8 inoltre possibile modificare le impostazioni, in modo da poter gestire e proteggere i propri dati.<\/p>\n<\/div>\n<\/div>\n<div>\n<div>\n<div>Biscotti<\/div>\n<p>Alcune pagine Internet utilizzano i cosiddetti cookie. I cookie non danneggiano il computer e non contengono virus. I cookie vengono utilizzati per rendere il nostro sito web pi\u00f9 facile da usare, efficace e sicuro. I cookie sono piccoli file di testo che vengono memorizzati sul vostro computer e salvati dal vostro browser.<\/p>\n<p>La maggior parte dei cookie che utilizziamo sono i cosiddetti \"cookie di sessione\". Vengono cancellati automaticamente al termine della visita. Altri cookie rimangono memorizzati sul vostro dispositivo finale finch\u00e9 non li cancellate. Questi cookie ci permettono di riconoscere il vostro browser alla vostra prossima visita.<\/p>\n<p>Potete impostare il vostro browser in modo da essere informati sull'impostazione dei cookie e consentire i cookie solo in singoli casi, escludere l'accettazione dei cookie per determinati casi o in generale e attivare la cancellazione automatica dei cookie alla chiusura del browser. Se i cookie vengono disattivati, la funzionalit\u00e0 di questo sito web potrebbe essere limitata.<\/p>\n<\/div>\n<\/div>\n<\/div>\n<\/div>\n<div>&nbsp;<\/div><\/div>\n\t\t\t\t<\/div>\n\t\t\t\t<\/div>\n\t\t\t\t\t\t<\/div>\n\t\t\t<\/div>\n\t\t<\/div>\n\t\t\t\t\t\t<\/div>\n\t\t\t<\/div>\n\t\t<\/section>\n\t\t\t\t\t\t<\/div>\n\t\t\t<\/div>\n\t\t<\/div>","protected":false},"excerpt":{"rendered":"<p>Impressum Ing. W.Pletzer Autohaus-&nbsp;Puls Air GmbH Innsbruckerstra\u00dfe 10 6353 Going \u00d6sterreich Tel.:&nbsp;+43(0)5358 3600 Fax:&nbsp;+43(0)5358 3603 E-Mail:&nbsp;info@pulsair.net &nbsp; Firmendaten UID:&nbsp;ATU80957458 FN:&nbsp;180950d FN-Gericht:&nbsp;Landesgericht Innsbruck Wirtschaftskammer:&nbsp;Bezirkshauptmannschaft Kitzb\u00fchel &nbsp; Bankverbindung BLZ:&nbsp;363 58 Kto.:&nbsp;453 3642 IBAN: AT32 3623 2000 0005 4395 BIC:&nbsp;RZTIAT22232 Informationspflicht WKO Konzept, Umsetzung, Webhosting Futureweb GmbH Onlinemarketing Luca Pletzer Bef\u00fcllung und Betreuung Onlinemarketing: Onlinemarketing Luca Pletzer&nbsp;www.luca-pletzer.com Google [&hellip;]<\/p>","protected":false},"author":2,"featured_media":0,"parent":0,"menu_order":0,"comment_status":"closed","ping_status":"closed","template":"","meta":{"footnotes":""},"class_list":["post-1108","page","type-page","status-publish","hentry"],"_links":{"self":[{"href":"https:\/\/pulsair.net\/it\/wp-json\/wp\/v2\/pages\/1108","targetHints":{"allow":["GET"]}}],"collection":[{"href":"https:\/\/pulsair.net\/it\/wp-json\/wp\/v2\/pages"}],"about":[{"href":"https:\/\/pulsair.net\/it\/wp-json\/wp\/v2\/types\/page"}],"author":[{"embeddable":true,"href":"https:\/\/pulsair.net\/it\/wp-json\/wp\/v2\/users\/2"}],"replies":[{"embeddable":true,"href":"https:\/\/pulsair.net\/it\/wp-json\/wp\/v2\/comments?post=1108"}],"version-history":[{"count":0,"href":"https:\/\/pulsair.net\/it\/wp-json\/wp\/v2\/pages\/1108\/revisions"}],"wp:attachment":[{"href":"https:\/\/pulsair.net\/it\/wp-json\/wp\/v2\/media?parent=1108"}],"curies":[{"name":"wp","href":"https:\/\/api.w.org\/{rel}","templated":true}]}}