{"id":409,"date":"2020-05-26T07:13:02","date_gmt":"2020-05-26T07:13:02","guid":{"rendered":"https:\/\/werkstattheizung.pulsair.net\/?post_type=product&#038;p=409"},"modified":"2026-03-24T08:51:48","modified_gmt":"2026-03-24T08:51:48","slug":"puls-air-construction-industry","status":"publish","type":"product","link":"https:\/\/pulsair.net\/it\/produkt\/puls-air-construction-industry\/","title":{"rendered":"Puls-air Riscaldatore per cantieri da 23,5 kW"},"content":{"rendered":"<h2>Eckdaten des Puls-air Construction Industry 23,5 kW Baustellenheizung:<\/h2>\n<ul>\n<li><strong>Prestazioni<\/strong>:\n<ul>\n<li>23,5 kW a piena potenza<\/li>\n<li>18,5 kW livello di risparmio<\/li>\n<\/ul>\n<\/li>\n<li><strong>Livelli di potenza<\/strong>: 2<\/li>\n<li><strong>Dimensioni<\/strong>75cm x 55cm x 95cm (LxLxH)<\/li>\n<\/ul>\n<ul>\n<li><strong>Peso<\/strong>: 78,5 kg<\/li>\n<li><strong>Spazio a terra<\/strong>circa 1m\u00b2<\/li>\n<li><strong>Opzione serbatoio esterno<\/strong>: s\u00ec<\/li>\n<li><strong>Controllo automatico della temperatura<\/strong>: s\u00ec<\/li>\n<li><strong>Carburante<\/strong>Olio da riscaldamento, diesel, HVO100<\/li>\n<li><strong>Consumo per ora di funzionamento:<\/strong>\n<ul>\n<li>Piena potenza: 2,1 kg di olio combustibile\/h<\/li>\n<li>Livello economico: 1,65 kg di gasolio per riscaldamento\/h<\/li>\n<\/ul>\n<\/li>\n<li><strong>Serbatoio in dotazione<\/strong>: 20L<\/li>\n<li><strong>Uscita aria<\/strong>2500m\u00b3 di aria di riscaldamento\/h<\/li>\n<li><strong>Temperatura dell'aria calda<\/strong>circa 45\u00b0C<\/li>\n<li><strong>Collegamento di alimentazione<\/strong>: 230 V<\/li>\n<li><strong>Efficienza<\/strong>: 97 %<\/li>\n<li><strong>Max. Dimensione della stanza per un apparecchio:<\/strong> 1.800-2.000m\u00b3<\/li>\n<li><strong>Colore<\/strong>: blu con giallo<\/li>\n<\/ul>\n<h2>Beschreibung Construction Industry<\/h2>\n<p>Basiert auf dem Modell Plus, mit einem st\u00e4rkeren Geh\u00e4use, praktischen Tragegriffen hinten und vorne am Ger\u00e4t und serienm\u00e4\u00dfigen Lenkr\u00e4dern.<br \/>\nVollleistung f\u00fcr R\u00e4ume bis max. 1.000 m\u00b3 (bei optimaler Isolierung und neuester Bautechnik: 1.600\u20132.000 m\u00b3).<\/p>","protected":false},"excerpt":{"rendered":"<h2>Puls-air Riscaldatore per cantieri da 23,5 kW<\/h2>\n<p><strong>Prezzo di acquisto: <\/strong>\u20ac 8.300.&#8211; exkl. MwSt.<br \/>\n<strong>Rata di leasing:<\/strong> 213,83 \u20ac\/Monat exkl. MwSt (Laufzeit: 48 Monate, Keine Anzahlung, 10 % Restwert)<\/p>\n<p><strong>Spese di consegna:<\/strong> a partire da \u20ac 120 escluse.<\/p>\n<p>Certificato e approvato CE in tutta Europa.<\/p>\n<p>Basiert auf dem Modell Plus, mit einem st\u00e4rkeren Geh\u00e4use, praktischen Tragegriffen hinten und vorne am Ger\u00e4t und serienm\u00e4\u00dfigen Lenkr\u00e4dern.<br \/>\nVollleistung f\u00fcr R\u00e4ume bis max. 1.000 m\u00b3 (bei optimaler Isolierung und neuester Bautechnik: 1.600\u20132.000 m\u00b3).<\/p>\n<p>&nbsp;<\/p>","protected":false},"featured_media":4818,"comment_status":"open","ping_status":"closed","template":"","meta":[],"product_brand":[],"product_cat":[40],"product_tag":[],"class_list":{"0":"post-409","1":"product","2":"type-product","3":"status-publish","4":"has-post-thumbnail","6":"product_cat-heizgeraete","8":"first","9":"instock","10":"taxable","11":"shipping-taxable","12":"purchasable","13":"product-type-simple"},"yoast_head":"<!-- This site is optimized with the Yoast SEO plugin v27.4 - https:\/\/yoast.com\/product\/yoast-seo-wordpress\/ -->\n<title>Puls-air Construction Industry | 23,5 kW | Baustellenheizung<\/title>\n<meta name=\"description\" content=\"Der Puls-air Construction Industry hat 23,5 kW und ist f\u00fcr die Baustellentrocknung und Heizung konzipiert. Jetzt bestellen.\" \/>\n<meta name=\"robots\" content=\"index, follow, max-snippet:-1, max-image-preview:large, max-video-preview:-1\" \/>\n<link rel=\"canonical\" href=\"https:\/\/pulsair.net\/it\/produkt\/puls-air-construction-industry\/\" \/>\n<meta property=\"og:locale\" content=\"it_IT\" \/>\n<meta property=\"og:type\" content=\"article\" \/>\n<meta property=\"og:title\" content=\"Puls-air Construction Industry | 23,5 kW | Baustellenheizung\" \/>\n<meta property=\"og:description\" content=\"Der Puls-air Construction Industry hat 23,5 kW und ist f\u00fcr die Baustellentrocknung und Heizung konzipiert. Jetzt bestellen.\" \/>\n<meta property=\"og:url\" content=\"https:\/\/pulsair.net\/it\/produkt\/puls-air-construction-industry\/\" \/>\n<meta property=\"og:site_name\" content=\"Puls-air Hallen und Werkstattheizung\" \/>\n<meta property=\"article:modified_time\" content=\"2026-03-24T08:51:48+00:00\" \/>\n<meta property=\"og:image\" content=\"https:\/\/pulsair.net\/wp-content\/uploads\/2026\/03\/construction4cut.png\" \/>\n\t<meta property=\"og:image:width\" content=\"794\" \/>\n\t<meta property=\"og:image:height\" content=\"794\" \/>\n\t<meta property=\"og:image:type\" content=\"image\/png\" \/>\n<meta name=\"twitter:card\" content=\"summary_large_image\" \/>\n<meta name=\"twitter:label1\" content=\"Est. reading time\" \/>\n\t<meta name=\"twitter:data1\" content=\"1 minuto\" \/>\n<script type=\"application\/ld+json\" class=\"yoast-schema-graph\">{\"@context\":\"https:\\\/\\\/schema.org\",\"@graph\":[{\"@type\":\"WebPage\",\"@id\":\"https:\\\/\\\/pulsair.net\\\/produkt\\\/puls-air-construction-industry\\\/\",\"url\":\"https:\\\/\\\/pulsair.net\\\/produkt\\\/puls-air-construction-industry\\\/\",\"name\":\"Puls-air Construction Industry | 23,5 kW | Baustellenheizung\",\"isPartOf\":{\"@id\":\"https:\\\/\\\/pulsair.net\\\/#website\"},\"primaryImageOfPage\":{\"@id\":\"https:\\\/\\\/pulsair.net\\\/produkt\\\/puls-air-construction-industry\\\/#primaryimage\"},\"image\":{\"@id\":\"https:\\\/\\\/pulsair.net\\\/produkt\\\/puls-air-construction-industry\\\/#primaryimage\"},\"thumbnailUrl\":\"https:\\\/\\\/pulsair.net\\\/wp-content\\\/uploads\\\/2026\\\/03\\\/construction4cut.png\",\"datePublished\":\"2020-05-26T07:13:02+00:00\",\"dateModified\":\"2026-03-24T08:51:48+00:00\",\"description\":\"Der Puls-air Construction Industry hat 23,5 kW und ist f\u00fcr die Baustellentrocknung und Heizung konzipiert. Jetzt bestellen.\",\"breadcrumb\":{\"@id\":\"https:\\\/\\\/pulsair.net\\\/produkt\\\/puls-air-construction-industry\\\/#breadcrumb\"},\"inLanguage\":\"it-IT\",\"potentialAction\":[{\"@type\":\"ReadAction\",\"target\":[\"https:\\\/\\\/pulsair.net\\\/produkt\\\/puls-air-construction-industry\\\/\"]}]},{\"@type\":\"ImageObject\",\"inLanguage\":\"it-IT\",\"@id\":\"https:\\\/\\\/pulsair.net\\\/produkt\\\/puls-air-construction-industry\\\/#primaryimage\",\"url\":\"https:\\\/\\\/pulsair.net\\\/wp-content\\\/uploads\\\/2026\\\/03\\\/construction4cut.png\",\"contentUrl\":\"https:\\\/\\\/pulsair.net\\\/wp-content\\\/uploads\\\/2026\\\/03\\\/construction4cut.png\",\"width\":794,\"height\":794},{\"@type\":\"BreadcrumbList\",\"@id\":\"https:\\\/\\\/pulsair.net\\\/produkt\\\/puls-air-construction-industry\\\/#breadcrumb\",\"itemListElement\":[{\"@type\":\"ListItem\",\"position\":1,\"name\":\"Startseite\",\"item\":\"https:\\\/\\\/pulsair.net\\\/\"},{\"@type\":\"ListItem\",\"position\":2,\"name\":\"Puls-air Construction Industry 23,5 kW Baustellenheizung\"}]},{\"@type\":\"WebSite\",\"@id\":\"https:\\\/\\\/pulsair.net\\\/#website\",\"url\":\"https:\\\/\\\/pulsair.net\\\/\",\"name\":\"Puls-air Hallen und Werkstattheizung\",\"description\":\"50 % Heizkosten sparen\",\"publisher\":{\"@id\":\"https:\\\/\\\/pulsair.net\\\/#organization\"},\"potentialAction\":[{\"@type\":\"SearchAction\",\"target\":{\"@type\":\"EntryPoint\",\"urlTemplate\":\"https:\\\/\\\/pulsair.net\\\/?s={search_term_string}\"},\"query-input\":{\"@type\":\"PropertyValueSpecification\",\"valueRequired\":true,\"valueName\":\"search_term_string\"}}],\"inLanguage\":\"it-IT\"},{\"@type\":\"Organization\",\"@id\":\"https:\\\/\\\/pulsair.net\\\/#organization\",\"name\":\"Puls-air Hallen und Werkstattheizung\",\"url\":\"https:\\\/\\\/pulsair.net\\\/\",\"logo\":{\"@type\":\"ImageObject\",\"inLanguage\":\"it-IT\",\"@id\":\"https:\\\/\\\/pulsair.net\\\/#\\\/schema\\\/logo\\\/image\\\/\",\"url\":\"https:\\\/\\\/pulsair.net\\\/wp-content\\\/uploads\\\/2020\\\/07\\\/cropped-cropped-Rotation-alleine-500x500-1.png\",\"contentUrl\":\"https:\\\/\\\/pulsair.net\\\/wp-content\\\/uploads\\\/2020\\\/07\\\/cropped-cropped-Rotation-alleine-500x500-1.png\",\"width\":512,\"height\":512,\"caption\":\"Puls-air Hallen und Werkstattheizung\"},\"image\":{\"@id\":\"https:\\\/\\\/pulsair.net\\\/#\\\/schema\\\/logo\\\/image\\\/\"}}]}<\/script>\n<!-- \/ Yoast SEO plugin. -->","yoast_head_json":{"title":"Puls-air Construction Industry | 23,5 kW | Baustellenheizung","description":"Der Puls-air Construction Industry hat 23,5 kW und ist f\u00fcr die Baustellentrocknung und Heizung konzipiert. Jetzt bestellen.","robots":{"index":"index","follow":"follow","max-snippet":"max-snippet:-1","max-image-preview":"max-image-preview:large","max-video-preview":"max-video-preview:-1"},"canonical":"https:\/\/pulsair.net\/it\/produkt\/puls-air-construction-industry\/","og_locale":"it_IT","og_type":"article","og_title":"Puls-air Construction Industry | 23,5 kW | Baustellenheizung","og_description":"Der Puls-air Construction Industry hat 23,5 kW und ist f\u00fcr die Baustellentrocknung und Heizung konzipiert. Jetzt bestellen.","og_url":"https:\/\/pulsair.net\/it\/produkt\/puls-air-construction-industry\/","og_site_name":"Puls-air Hallen und Werkstattheizung","article_modified_time":"2026-03-24T08:51:48+00:00","og_image":[{"width":794,"height":794,"url":"https:\/\/pulsair.net\/wp-content\/uploads\/2026\/03\/construction4cut.png","type":"image\/png"}],"twitter_card":"summary_large_image","twitter_misc":{"Est. reading time":"1 minuto"},"schema":{"@context":"https:\/\/schema.org","@graph":[{"@type":"WebPage","@id":"https:\/\/pulsair.net\/produkt\/puls-air-construction-industry\/","url":"https:\/\/pulsair.net\/produkt\/puls-air-construction-industry\/","name":"Puls-air Construction Industry | 23,5 kW | Baustellenheizung","isPartOf":{"@id":"https:\/\/pulsair.net\/#website"},"primaryImageOfPage":{"@id":"https:\/\/pulsair.net\/produkt\/puls-air-construction-industry\/#primaryimage"},"image":{"@id":"https:\/\/pulsair.net\/produkt\/puls-air-construction-industry\/#primaryimage"},"thumbnailUrl":"https:\/\/pulsair.net\/wp-content\/uploads\/2026\/03\/construction4cut.png","datePublished":"2020-05-26T07:13:02+00:00","dateModified":"2026-03-24T08:51:48+00:00","description":"Der Puls-air Construction Industry hat 23,5 kW und ist f\u00fcr die Baustellentrocknung und Heizung konzipiert. Jetzt bestellen.","breadcrumb":{"@id":"https:\/\/pulsair.net\/produkt\/puls-air-construction-industry\/#breadcrumb"},"inLanguage":"it-IT","potentialAction":[{"@type":"ReadAction","target":["https:\/\/pulsair.net\/produkt\/puls-air-construction-industry\/"]}]},{"@type":"ImageObject","inLanguage":"it-IT","@id":"https:\/\/pulsair.net\/produkt\/puls-air-construction-industry\/#primaryimage","url":"https:\/\/pulsair.net\/wp-content\/uploads\/2026\/03\/construction4cut.png","contentUrl":"https:\/\/pulsair.net\/wp-content\/uploads\/2026\/03\/construction4cut.png","width":794,"height":794},{"@type":"BreadcrumbList","@id":"https:\/\/pulsair.net\/produkt\/puls-air-construction-industry\/#breadcrumb","itemListElement":[{"@type":"ListItem","position":1,"name":"Startseite","item":"https:\/\/pulsair.net\/"},{"@type":"ListItem","position":2,"name":"Puls-air Construction Industry 23,5 kW Baustellenheizung"}]},{"@type":"WebSite","@id":"https:\/\/pulsair.net\/#website","url":"https:\/\/pulsair.net\/","name":"Puls-air Hallen und Werkstattheizung","description":"50 % Heizkosten sparen","publisher":{"@id":"https:\/\/pulsair.net\/#organization"},"potentialAction":[{"@type":"SearchAction","target":{"@type":"EntryPoint","urlTemplate":"https:\/\/pulsair.net\/?s={search_term_string}"},"query-input":{"@type":"PropertyValueSpecification","valueRequired":true,"valueName":"search_term_string"}}],"inLanguage":"it-IT"},{"@type":"Organization","@id":"https:\/\/pulsair.net\/#organization","name":"Puls-air Hallen und Werkstattheizung","url":"https:\/\/pulsair.net\/","logo":{"@type":"ImageObject","inLanguage":"it-IT","@id":"https:\/\/pulsair.net\/#\/schema\/logo\/image\/","url":"https:\/\/pulsair.net\/wp-content\/uploads\/2020\/07\/cropped-cropped-Rotation-alleine-500x500-1.png","contentUrl":"https:\/\/pulsair.net\/wp-content\/uploads\/2020\/07\/cropped-cropped-Rotation-alleine-500x500-1.png","width":512,"height":512,"caption":"Puls-air Hallen und Werkstattheizung"},"image":{"@id":"https:\/\/pulsair.net\/#\/schema\/logo\/image\/"}}]}},"_links":{"self":[{"href":"https:\/\/pulsair.net\/it\/wp-json\/wp\/v2\/product\/409","targetHints":{"allow":["GET"]}}],"collection":[{"href":"https:\/\/pulsair.net\/it\/wp-json\/wp\/v2\/product"}],"about":[{"href":"https:\/\/pulsair.net\/it\/wp-json\/wp\/v2\/types\/product"}],"replies":[{"embeddable":true,"href":"https:\/\/pulsair.net\/it\/wp-json\/wp\/v2\/comments?post=409"}],"wp:featuredmedia":[{"embeddable":true,"href":"https:\/\/pulsair.net\/it\/wp-json\/wp\/v2\/media\/4818"}],"wp:attachment":[{"href":"https:\/\/pulsair.net\/it\/wp-json\/wp\/v2\/media?parent=409"}],"wp:term":[{"taxonomy":"product_brand","embeddable":true,"href":"https:\/\/pulsair.net\/it\/wp-json\/wp\/v2\/product_brand?post=409"},{"taxonomy":"product_cat","embeddable":true,"href":"https:\/\/pulsair.net\/it\/wp-json\/wp\/v2\/product_cat?post=409"},{"taxonomy":"product_tag","embeddable":true,"href":"https:\/\/pulsair.net\/it\/wp-json\/wp\/v2\/product_tag?post=409"}],"curies":[{"name":"wp","href":"https:\/\/api.w.org\/{rel}","templated":true}]}}