{"id":410,"date":"2020-05-26T07:16:01","date_gmt":"2020-05-26T07:16:01","guid":{"rendered":"https:\/\/werkstattheizung.pulsair.net\/?post_type=product&#038;p=410"},"modified":"2026-03-24T08:52:07","modified_gmt":"2026-03-24T08:52:07","slug":"puls-air-plus","status":"publish","type":"product","link":"https:\/\/pulsair.net\/it\/produkt\/puls-air-plus\/","title":{"rendered":"Puls-air Plus 23,5 kW Sistema di riscaldamento per capannoni e officine"},"content":{"rendered":"<h2>Dati principali per il riscaldamento di capannoni e officine Puls-air Plus 23,5 kW:<\/h2>\n<ul>\n<li><strong>Prestazioni<\/strong>:\n<ul>\n<li>23,5 kW a piena potenza<\/li>\n<li>18,5 kW livello di risparmio<\/li>\n<\/ul>\n<\/li>\n<li><strong>Livelli di potenza<\/strong>: 2<\/li>\n<li><strong>Dimensioni<\/strong>75cm x 55cm x 95cm (LxLxH)<\/li>\n<\/ul>\n<ul>\n<li><strong>Peso<\/strong>: 75 kg<\/li>\n<li><strong>Spazio a terra<\/strong>circa 1m\u00b2<\/li>\n<li><strong>Opzione serbatoio esterno<\/strong>: s\u00ec<\/li>\n<li><strong>Controllo automatico della temperatura<\/strong>: s\u00ec<\/li>\n<li><strong>Carburante<\/strong>Olio da riscaldamento, diesel, HVO100<\/li>\n<li><strong>Consumo per ora di funzionamento:<\/strong>\n<ul>\n<li>Piena potenza: 2,1 kg di olio combustibile\/h<\/li>\n<li>Livello economico: 1,65 kg di gasolio per riscaldamento\/h<\/li>\n<\/ul>\n<\/li>\n<li><strong>Serbatoio in dotazione<\/strong>: 20L<\/li>\n<li><strong>Uscita aria<\/strong>2500m\u00b3 di aria di riscaldamento\/h<\/li>\n<li><strong>Temperatura dell'aria calda<\/strong>circa 45\u00b0C<\/li>\n<li><strong>Collegamento di alimentazione<\/strong>: 230 V<\/li>\n<li><strong>Efficienza<\/strong>: min. 97 %<\/li>\n<li><strong>Max. Dimensione della stanza per un apparecchio:<\/strong> 1.800-2.000m\u00b3<\/li>\n<li><strong>Colore<\/strong>: blu con giallo<\/li>\n<\/ul>\n<h2>Descrizione Puls-air Plus 23,5 kW<\/h2>\n<p>Questa versione \u00e8 pi\u00f9 potente del nostro modello standard ed \u00e8 adatta a stanze e sale particolarmente grandi. Come tutti i nostri modelli, anche il modello Plus dispone di 2 livelli di potenza: economy level e full level.<\/p>\n<h3>Modello Plus locali da 600 m\u00b3 - 1.800 m\u00b3<\/h3>\n<p>Fluidit\u00e0 di funzionamento, mobilit\u00e0, economicit\u00e0 e durata. Naturalmente, anche il nostro Puls-air Plus soddisfa tutte queste caratteristiche. Ci\u00f2 che \u00e8 eccezionale di questo apparecchio, tuttavia, \u00e8 la sua capacit\u00e0 di riscaldamento. Grazie all'isolamento ottimale e alla tecnologia costruttiva pi\u00f9 avanzata, questo apparecchio pu\u00f2 riscaldare stanze\/capannoni\/laboratori fino a<strong> 1.800 m\u00b3<\/strong>\u00a0riscaldabile, con\u00a0<strong>un solo dispositivo.<\/strong>\u00a0L'effetto rullo e la combustione pulsante brevettata lo rendono possibile.<\/p>\n<h3>Ottenere un'immagine di Puls-air<\/h3>\n<p>Visitate il nostro\u00a0<a href=\"https:\/\/pulsair.net\/it\/referenzen\/\">Riferimenti<\/a> e leggere i rapporti degli utenti, gli articoli di stampa, ecc. Chiedete ai clienti esistenti le loro esperienze con Puls-air. Imparerete presto che Puls-air \u00e8 la misura di tutto quando si tratta di riscaldamento a gasolio per capannoni e officine.<\/p>","protected":false},"excerpt":{"rendered":"<h1>Puls-air Plus 23,5 kW Sistema di riscaldamento per capannoni e officine<\/h1>\n<p><strong>Prezzo di acquisto:<\/strong> \u20ac 7.800,- IVA esclusa.<br \/>\n<strong>Rata di leasing:<\/strong> 190,97 \u20ac\/mese IVA esclusa (durata: 48 mesi, nessun deposito, valore residuo 10 %)<\/p>\n<p><strong>Spese di consegna:<\/strong> a partire da \u20ac 120 escluse.<\/p>\n<p>Certificato e approvato CE in tutta Europa.<\/p>\n<p>Con il modello Puls da 23,5 kW \u00e8 possibile riscaldare gli ambienti fino a <strong>max. 1.800 metri cubi<\/strong> (con lo standard edilizio pi\u00f9 recente).<br \/>\n<strong>Consumo<\/strong>Potenza massima: 2,1 kg di gasolio per riscaldamento\/h, livello economico: 1,65 kg di gasolio per riscaldamento\/h.<\/p>\n<p>Per le stanze pi\u00f9 grandi, \u00e8 possibile utilizzare pi\u00f9 dispositivi in combinazione. Saremo lieti di consigliarvi!<\/p>","protected":false},"featured_media":537,"comment_status":"open","ping_status":"closed","template":"","meta":[],"product_brand":[],"product_cat":[40],"product_tag":[],"class_list":{"0":"post-410","1":"product","2":"type-product","3":"status-publish","4":"has-post-thumbnail","6":"product_cat-heizgeraete","8":"first","9":"instock","10":"taxable","11":"shipping-taxable","12":"purchasable","13":"product-type-simple"},"yoast_head":"<!-- This site is optimized with the Yoast SEO plugin v27.4 - https:\/\/yoast.com\/product\/yoast-seo-wordpress\/ -->\n<title>Puls-air Plus | 23,5 kW | Hallen- und Werkstattheizung<\/title>\n<meta name=\"description\" content=\"Der Puls-air Plus hat 23,5 kW und ist f\u00fcr R\u00e4ume bis 1.800 m\u00b3 geeignet. Es k\u00f6nnen auch mehrere Ger\u00e4te gleichzeitig eingesetzt werden.\" \/>\n<meta name=\"robots\" content=\"index, follow, max-snippet:-1, max-image-preview:large, max-video-preview:-1\" \/>\n<link rel=\"canonical\" href=\"https:\/\/pulsair.net\/it\/produkt\/puls-air-plus\/\" \/>\n<meta property=\"og:locale\" content=\"it_IT\" \/>\n<meta property=\"og:type\" content=\"article\" \/>\n<meta property=\"og:title\" content=\"Puls-air Plus | 23,5 kW | Hallen- und Werkstattheizung\" \/>\n<meta property=\"og:description\" content=\"Der Puls-air Plus hat 23,5 kW und ist f\u00fcr R\u00e4ume bis 1.800 m\u00b3 geeignet. Es k\u00f6nnen auch mehrere Ger\u00e4te gleichzeitig eingesetzt werden.\" \/>\n<meta property=\"og:url\" content=\"https:\/\/pulsair.net\/it\/produkt\/puls-air-plus\/\" \/>\n<meta property=\"og:site_name\" content=\"Puls-air Hallen und Werkstattheizung\" \/>\n<meta property=\"article:modified_time\" content=\"2026-03-24T08:52:07+00:00\" \/>\n<meta property=\"og:image\" content=\"https:\/\/pulsair.net\/wp-content\/uploads\/2020\/05\/Puls-air-Heizger\u00e4t.png\" \/>\n\t<meta property=\"og:image:width\" content=\"1000\" \/>\n\t<meta property=\"og:image:height\" content=\"1000\" \/>\n\t<meta property=\"og:image:type\" content=\"image\/png\" \/>\n<meta name=\"twitter:card\" content=\"summary_large_image\" \/>\n<meta name=\"twitter:label1\" content=\"Est. reading time\" \/>\n\t<meta name=\"twitter:data1\" content=\"1 minuto\" \/>\n<script type=\"application\/ld+json\" class=\"yoast-schema-graph\">{\"@context\":\"https:\\\/\\\/schema.org\",\"@graph\":[{\"@type\":\"WebPage\",\"@id\":\"https:\\\/\\\/pulsair.net\\\/it\\\/produkt\\\/puls-air-plus\\\/\",\"url\":\"https:\\\/\\\/pulsair.net\\\/it\\\/produkt\\\/puls-air-plus\\\/\",\"name\":\"Puls-air Plus | 23,5 kW | Hallen- und Werkstattheizung\",\"isPartOf\":{\"@id\":\"https:\\\/\\\/pulsair.net\\\/#website\"},\"primaryImageOfPage\":{\"@id\":\"https:\\\/\\\/pulsair.net\\\/it\\\/produkt\\\/puls-air-plus\\\/#primaryimage\"},\"image\":{\"@id\":\"https:\\\/\\\/pulsair.net\\\/it\\\/produkt\\\/puls-air-plus\\\/#primaryimage\"},\"thumbnailUrl\":\"https:\\\/\\\/pulsair.net\\\/wp-content\\\/uploads\\\/2020\\\/05\\\/Puls-air-Heizger\u00e4t.png\",\"datePublished\":\"2020-05-26T07:16:01+00:00\",\"dateModified\":\"2026-03-24T08:52:07+00:00\",\"description\":\"Der Puls-air Plus hat 23,5 kW und ist f\u00fcr R\u00e4ume bis 1.800 m\u00b3 geeignet. Es k\u00f6nnen auch mehrere Ger\u00e4te gleichzeitig eingesetzt werden.\",\"breadcrumb\":{\"@id\":\"https:\\\/\\\/pulsair.net\\\/it\\\/produkt\\\/puls-air-plus\\\/#breadcrumb\"},\"inLanguage\":\"it-IT\",\"potentialAction\":[{\"@type\":\"ReadAction\",\"target\":[\"https:\\\/\\\/pulsair.net\\\/it\\\/produkt\\\/puls-air-plus\\\/\"]}]},{\"@type\":\"ImageObject\",\"inLanguage\":\"it-IT\",\"@id\":\"https:\\\/\\\/pulsair.net\\\/it\\\/produkt\\\/puls-air-plus\\\/#primaryimage\",\"url\":\"https:\\\/\\\/pulsair.net\\\/wp-content\\\/uploads\\\/2020\\\/05\\\/Puls-air-Heizger\u00e4t.png\",\"contentUrl\":\"https:\\\/\\\/pulsair.net\\\/wp-content\\\/uploads\\\/2020\\\/05\\\/Puls-air-Heizger\u00e4t.png\",\"width\":1000,\"height\":1000,\"caption\":\"Werkstattheizung, Hallenheizung\"},{\"@type\":\"BreadcrumbList\",\"@id\":\"https:\\\/\\\/pulsair.net\\\/it\\\/produkt\\\/puls-air-plus\\\/#breadcrumb\",\"itemListElement\":[{\"@type\":\"ListItem\",\"position\":1,\"name\":\"Startseite\",\"item\":\"https:\\\/\\\/pulsair.net\\\/\"},{\"@type\":\"ListItem\",\"position\":2,\"name\":\"Puls-air Plus 23,5 kW Hallen- und Werkstattheizung\"}]},{\"@type\":\"WebSite\",\"@id\":\"https:\\\/\\\/pulsair.net\\\/#website\",\"url\":\"https:\\\/\\\/pulsair.net\\\/\",\"name\":\"Puls-air Hallen und Werkstattheizung\",\"description\":\"50 % Heizkosten sparen\",\"publisher\":{\"@id\":\"https:\\\/\\\/pulsair.net\\\/#organization\"},\"potentialAction\":[{\"@type\":\"SearchAction\",\"target\":{\"@type\":\"EntryPoint\",\"urlTemplate\":\"https:\\\/\\\/pulsair.net\\\/?s={search_term_string}\"},\"query-input\":{\"@type\":\"PropertyValueSpecification\",\"valueRequired\":true,\"valueName\":\"search_term_string\"}}],\"inLanguage\":\"it-IT\"},{\"@type\":\"Organization\",\"@id\":\"https:\\\/\\\/pulsair.net\\\/#organization\",\"name\":\"Puls-air Hallen und Werkstattheizung\",\"url\":\"https:\\\/\\\/pulsair.net\\\/\",\"logo\":{\"@type\":\"ImageObject\",\"inLanguage\":\"it-IT\",\"@id\":\"https:\\\/\\\/pulsair.net\\\/#\\\/schema\\\/logo\\\/image\\\/\",\"url\":\"https:\\\/\\\/pulsair.net\\\/wp-content\\\/uploads\\\/2020\\\/07\\\/cropped-cropped-Rotation-alleine-500x500-1.png\",\"contentUrl\":\"https:\\\/\\\/pulsair.net\\\/wp-content\\\/uploads\\\/2020\\\/07\\\/cropped-cropped-Rotation-alleine-500x500-1.png\",\"width\":512,\"height\":512,\"caption\":\"Puls-air Hallen und Werkstattheizung\"},\"image\":{\"@id\":\"https:\\\/\\\/pulsair.net\\\/#\\\/schema\\\/logo\\\/image\\\/\"}}]}<\/script>\n<!-- \/ Yoast SEO plugin. -->","yoast_head_json":{"title":"Puls-air Plus | 23,5 kW | Hallen- und Werkstattheizung","description":"Der Puls-air Plus hat 23,5 kW und ist f\u00fcr R\u00e4ume bis 1.800 m\u00b3 geeignet. Es k\u00f6nnen auch mehrere Ger\u00e4te gleichzeitig eingesetzt werden.","robots":{"index":"index","follow":"follow","max-snippet":"max-snippet:-1","max-image-preview":"max-image-preview:large","max-video-preview":"max-video-preview:-1"},"canonical":"https:\/\/pulsair.net\/it\/produkt\/puls-air-plus\/","og_locale":"it_IT","og_type":"article","og_title":"Puls-air Plus | 23,5 kW | Hallen- und Werkstattheizung","og_description":"Der Puls-air Plus hat 23,5 kW und ist f\u00fcr R\u00e4ume bis 1.800 m\u00b3 geeignet. Es k\u00f6nnen auch mehrere Ger\u00e4te gleichzeitig eingesetzt werden.","og_url":"https:\/\/pulsair.net\/it\/produkt\/puls-air-plus\/","og_site_name":"Puls-air Hallen und Werkstattheizung","article_modified_time":"2026-03-24T08:52:07+00:00","og_image":[{"width":1000,"height":1000,"url":"https:\/\/pulsair.net\/wp-content\/uploads\/2020\/05\/Puls-air-Heizger\u00e4t.png","type":"image\/png"}],"twitter_card":"summary_large_image","twitter_misc":{"Est. reading time":"1 minuto"},"schema":{"@context":"https:\/\/schema.org","@graph":[{"@type":"WebPage","@id":"https:\/\/pulsair.net\/it\/produkt\/puls-air-plus\/","url":"https:\/\/pulsair.net\/it\/produkt\/puls-air-plus\/","name":"Puls-air Plus | 23,5 kW | Hallen- und Werkstattheizung","isPartOf":{"@id":"https:\/\/pulsair.net\/#website"},"primaryImageOfPage":{"@id":"https:\/\/pulsair.net\/it\/produkt\/puls-air-plus\/#primaryimage"},"image":{"@id":"https:\/\/pulsair.net\/it\/produkt\/puls-air-plus\/#primaryimage"},"thumbnailUrl":"https:\/\/pulsair.net\/wp-content\/uploads\/2020\/05\/Puls-air-Heizger\u00e4t.png","datePublished":"2020-05-26T07:16:01+00:00","dateModified":"2026-03-24T08:52:07+00:00","description":"Der Puls-air Plus hat 23,5 kW und ist f\u00fcr R\u00e4ume bis 1.800 m\u00b3 geeignet. Es k\u00f6nnen auch mehrere Ger\u00e4te gleichzeitig eingesetzt werden.","breadcrumb":{"@id":"https:\/\/pulsair.net\/it\/produkt\/puls-air-plus\/#breadcrumb"},"inLanguage":"it-IT","potentialAction":[{"@type":"ReadAction","target":["https:\/\/pulsair.net\/it\/produkt\/puls-air-plus\/"]}]},{"@type":"ImageObject","inLanguage":"it-IT","@id":"https:\/\/pulsair.net\/it\/produkt\/puls-air-plus\/#primaryimage","url":"https:\/\/pulsair.net\/wp-content\/uploads\/2020\/05\/Puls-air-Heizger\u00e4t.png","contentUrl":"https:\/\/pulsair.net\/wp-content\/uploads\/2020\/05\/Puls-air-Heizger\u00e4t.png","width":1000,"height":1000,"caption":"Werkstattheizung, Hallenheizung"},{"@type":"BreadcrumbList","@id":"https:\/\/pulsair.net\/it\/produkt\/puls-air-plus\/#breadcrumb","itemListElement":[{"@type":"ListItem","position":1,"name":"Startseite","item":"https:\/\/pulsair.net\/"},{"@type":"ListItem","position":2,"name":"Puls-air Plus 23,5 kW Hallen- und Werkstattheizung"}]},{"@type":"WebSite","@id":"https:\/\/pulsair.net\/#website","url":"https:\/\/pulsair.net\/","name":"Puls-air Hallen und Werkstattheizung","description":"50 % Heizkosten sparen","publisher":{"@id":"https:\/\/pulsair.net\/#organization"},"potentialAction":[{"@type":"SearchAction","target":{"@type":"EntryPoint","urlTemplate":"https:\/\/pulsair.net\/?s={search_term_string}"},"query-input":{"@type":"PropertyValueSpecification","valueRequired":true,"valueName":"search_term_string"}}],"inLanguage":"it-IT"},{"@type":"Organization","@id":"https:\/\/pulsair.net\/#organization","name":"Puls-air Hallen und Werkstattheizung","url":"https:\/\/pulsair.net\/","logo":{"@type":"ImageObject","inLanguage":"it-IT","@id":"https:\/\/pulsair.net\/#\/schema\/logo\/image\/","url":"https:\/\/pulsair.net\/wp-content\/uploads\/2020\/07\/cropped-cropped-Rotation-alleine-500x500-1.png","contentUrl":"https:\/\/pulsair.net\/wp-content\/uploads\/2020\/07\/cropped-cropped-Rotation-alleine-500x500-1.png","width":512,"height":512,"caption":"Puls-air Hallen und Werkstattheizung"},"image":{"@id":"https:\/\/pulsair.net\/#\/schema\/logo\/image\/"}}]}},"_links":{"self":[{"href":"https:\/\/pulsair.net\/it\/wp-json\/wp\/v2\/product\/410","targetHints":{"allow":["GET"]}}],"collection":[{"href":"https:\/\/pulsair.net\/it\/wp-json\/wp\/v2\/product"}],"about":[{"href":"https:\/\/pulsair.net\/it\/wp-json\/wp\/v2\/types\/product"}],"replies":[{"embeddable":true,"href":"https:\/\/pulsair.net\/it\/wp-json\/wp\/v2\/comments?post=410"}],"wp:featuredmedia":[{"embeddable":true,"href":"https:\/\/pulsair.net\/it\/wp-json\/wp\/v2\/media\/537"}],"wp:attachment":[{"href":"https:\/\/pulsair.net\/it\/wp-json\/wp\/v2\/media?parent=410"}],"wp:term":[{"taxonomy":"product_brand","embeddable":true,"href":"https:\/\/pulsair.net\/it\/wp-json\/wp\/v2\/product_brand?post=410"},{"taxonomy":"product_cat","embeddable":true,"href":"https:\/\/pulsair.net\/it\/wp-json\/wp\/v2\/product_cat?post=410"},{"taxonomy":"product_tag","embeddable":true,"href":"https:\/\/pulsair.net\/it\/wp-json\/wp\/v2\/product_tag?post=410"}],"curies":[{"name":"wp","href":"https:\/\/api.w.org\/{rel}","templated":true}]}}