{"id":411,"date":"2020-05-26T07:17:32","date_gmt":"2020-05-26T07:17:32","guid":{"rendered":"https:\/\/werkstattheizung.pulsair.net\/?post_type=product&#038;p=411"},"modified":"2026-03-24T08:51:58","modified_gmt":"2026-03-24T08:51:58","slug":"standard","status":"publish","type":"product","link":"https:\/\/pulsair.net\/it\/produkt\/standard\/","title":{"rendered":"Sistema di riscaldamento per capannoni e officine Puls-air Standard 17,5 kW"},"content":{"rendered":"<h2>Dati principali Sistema di riscaldamento per capannoni e officine Puls-air Standard 17,5 kW:<\/h2>\n<ul>\n<li><strong>Prestazioni<\/strong>:\n<ul>\n<li>17,5 kW a piena potenza<\/li>\n<li>13 kW livello di risparmio<\/li>\n<\/ul>\n<\/li>\n<li><strong>Livelli di potenza<\/strong>: 2<\/li>\n<li><strong>Dimensioni<\/strong>75cm x 55cm x 95cm (LxLxH)<\/li>\n<\/ul>\n<ul>\n<li><strong>Peso<\/strong>: 75 kg<\/li>\n<li><strong>Spazio a terra<\/strong>circa 1m\u00b2<\/li>\n<li><strong>Opzione serbatoio esterno<\/strong>: s\u00ec<\/li>\n<li><strong>Controllo automatico della temperatura<\/strong>: s\u00ec<\/li>\n<li><strong>Carburante<\/strong>Olio da riscaldamento, diesel, HVO100<\/li>\n<li><strong>Consumo per ora di funzionamento:<\/strong>\n<ul>\n<li>Piena potenza: 1,55 kg di olio combustibile\/h<\/li>\n<li>Livello economico: 1,1 kg di gasolio per riscaldamento\/h<\/li>\n<\/ul>\n<\/li>\n<li><strong>Serbatoio in dotazione<\/strong>: 20L<\/li>\n<li><strong>Uscita aria<\/strong>1850m\u00b3 di aria di riscaldamento\/h<\/li>\n<li><strong>Temperatura dell'aria calda<\/strong>circa 45\u00b0C<\/li>\n<li><strong>Collegamento di alimentazione<\/strong>: 230 V<\/li>\n<li><strong>Efficienza<\/strong>: min. 97 %<\/li>\n<li><strong>Max. Dimensione della stanza per un apparecchio:<\/strong>\u00a0500-600m\u00b3<\/li>\n<li><strong>Colore<\/strong>: blu con giallo<\/li>\n<\/ul>\n<h2>Descrizione Modello a impulsi d'aria Standard<\/h2>\n<p>Il modello standard offre due livelli di uscita: Un livello di piena potenza per ambienti (sale, officine, garage, ecc.) fino a\u00a0<strong>max. 600 metri cubi<\/strong>. Inoltre, \u00e8 disponibile un livello economico per ambienti fino a un massimo di 400 metri cubi per apparecchio.<\/p>\n<h3>Convincetevi di Puls-air:<\/h3>\n<p>I riscaldatori Puls-air convincono per il loro funzionamento silenzioso, la mobilit\u00e0, la bassa manutenzione e l'economicit\u00e0. I nostri riscaldatori sono i riscaldatori a olio pi\u00f9 economici ed efficienti sul mercato, grazie al nostro brevetto\u00a0<a href=\"\/it\/technik\/\">combustione pulsante<\/a>\u00a0possibile.<\/p>\n<h3>Le referenze confermano la nostra qualit\u00e0:<\/h3>\n<p>Visitate anche il nostro <a href=\"https:\/\/pulsair.net\/it\/referenzen\/\">Riferimenti\u00a0<\/a> pagina. Qui pubblichiamo numerosi resoconti di utenti, referenze e articoli di stampa che sottolineano l'alta qualit\u00e0 dei nostri sistemi di riscaldamento per capannoni e officine.<\/p>","protected":false},"excerpt":{"rendered":"<h2>Sistema di riscaldamento per capannoni e officine Puls-air Standard 17,5 kW<\/h2>\n<p><strong>Prezzo di acquisto: <\/strong>\u20ac 7.400,- IVA esclusa.<br \/>\n<strong>Rata di leasing:<\/strong> 190,97 \u20ac\/mese IVA esclusa (durata: 48 mesi, nessun deposito, valore residuo 10 %)<\/p>\n<p><strong>Spese di consegna:<\/strong> a partire da \u20ac 120 escluse.<\/p>\n<p>Certificato e approvato CE in tutta Europa.<\/p>\n<p>Con il modello standard da 17,5 kW, le stanze fino a <strong>max. 600 metri cubi<\/strong> (con lo standard edilizio pi\u00f9 recente).<br \/>\n<strong>Consumo<\/strong>Potenza massima: 1,55 kg di gasolio per riscaldamento\/h, livello economico: 1,1 kg di gasolio per riscaldamento\/h.<\/p>\n<p>Per le stanze pi\u00f9 grandi consigliamo il nostro Puls-air<br \/>\n<a href=\"https:\/\/pulsair.net\/it\/produkt\/puls-air-plus\/\">Apparecchio Plus con 23,5 kW<\/a>.<\/p>","protected":false},"featured_media":537,"comment_status":"open","ping_status":"closed","template":"","meta":[],"product_brand":[],"product_cat":[40],"product_tag":[],"class_list":{"0":"post-411","1":"product","2":"type-product","3":"status-publish","4":"has-post-thumbnail","6":"product_cat-heizgeraete","8":"first","9":"instock","10":"taxable","11":"shipping-taxable","12":"purchasable","13":"product-type-simple"},"yoast_head":"<!-- This site is optimized with the Yoast SEO plugin v27.4 - https:\/\/yoast.com\/product\/yoast-seo-wordpress\/ -->\n<title>Puls-air Standard | 17,5 kW | Hallen- und Werkstattheizung<\/title>\n<meta name=\"description\" content=\"Unser Angebot umfasst 3 Modelle. Der Puls-air Standard hat 17,5 kW und ist f\u00fcr R\u00e4ume bis 600 m\u00b3 geeignet. F\u00fcr gr\u00f6\u00dfere R\u00e4ume haben wir den Puls-air Plus.\" \/>\n<meta name=\"robots\" content=\"index, follow, max-snippet:-1, max-image-preview:large, max-video-preview:-1\" \/>\n<link rel=\"canonical\" href=\"https:\/\/pulsair.net\/it\/produkt\/standard\/\" \/>\n<meta property=\"og:locale\" content=\"it_IT\" \/>\n<meta property=\"og:type\" content=\"article\" \/>\n<meta property=\"og:title\" content=\"Puls-air Standard | 17,5 kW | Hallen- und Werkstattheizung\" \/>\n<meta property=\"og:description\" content=\"Unser Angebot umfasst 3 Modelle. Der Puls-air Standard hat 17,5 kW und ist f\u00fcr R\u00e4ume bis 600 m\u00b3 geeignet. F\u00fcr gr\u00f6\u00dfere R\u00e4ume haben wir den Puls-air Plus.\" \/>\n<meta property=\"og:url\" content=\"https:\/\/pulsair.net\/it\/produkt\/standard\/\" \/>\n<meta property=\"og:site_name\" content=\"Puls-air Hallen und Werkstattheizung\" \/>\n<meta property=\"article:modified_time\" content=\"2026-03-24T08:51:58+00:00\" \/>\n<meta property=\"og:image\" content=\"https:\/\/pulsair.net\/wp-content\/uploads\/2020\/05\/Puls-air-Heizger\u00e4t.png\" \/>\n\t<meta property=\"og:image:width\" content=\"1000\" \/>\n\t<meta property=\"og:image:height\" content=\"1000\" \/>\n\t<meta property=\"og:image:type\" content=\"image\/png\" \/>\n<meta name=\"twitter:card\" content=\"summary_large_image\" \/>\n<meta name=\"twitter:label1\" content=\"Est. reading time\" \/>\n\t<meta name=\"twitter:data1\" content=\"1 minuto\" \/>\n<script type=\"application\/ld+json\" class=\"yoast-schema-graph\">{\"@context\":\"https:\\\/\\\/schema.org\",\"@graph\":[{\"@type\":\"WebPage\",\"@id\":\"https:\\\/\\\/pulsair.net\\\/produkt\\\/standard\\\/\",\"url\":\"https:\\\/\\\/pulsair.net\\\/produkt\\\/standard\\\/\",\"name\":\"Puls-air Standard | 17,5 kW | Hallen- und Werkstattheizung\",\"isPartOf\":{\"@id\":\"https:\\\/\\\/pulsair.net\\\/#website\"},\"primaryImageOfPage\":{\"@id\":\"https:\\\/\\\/pulsair.net\\\/produkt\\\/standard\\\/#primaryimage\"},\"image\":{\"@id\":\"https:\\\/\\\/pulsair.net\\\/produkt\\\/standard\\\/#primaryimage\"},\"thumbnailUrl\":\"https:\\\/\\\/pulsair.net\\\/wp-content\\\/uploads\\\/2020\\\/05\\\/Puls-air-Heizger\u00e4t.png\",\"datePublished\":\"2020-05-26T07:17:32+00:00\",\"dateModified\":\"2026-03-24T08:51:58+00:00\",\"description\":\"Unser Angebot umfasst 3 Modelle. Der Puls-air Standard hat 17,5 kW und ist f\u00fcr R\u00e4ume bis 600 m\u00b3 geeignet. F\u00fcr gr\u00f6\u00dfere R\u00e4ume haben wir den Puls-air Plus.\",\"breadcrumb\":{\"@id\":\"https:\\\/\\\/pulsair.net\\\/produkt\\\/standard\\\/#breadcrumb\"},\"inLanguage\":\"it-IT\",\"potentialAction\":[{\"@type\":\"ReadAction\",\"target\":[\"https:\\\/\\\/pulsair.net\\\/produkt\\\/standard\\\/\"]}]},{\"@type\":\"ImageObject\",\"inLanguage\":\"it-IT\",\"@id\":\"https:\\\/\\\/pulsair.net\\\/produkt\\\/standard\\\/#primaryimage\",\"url\":\"https:\\\/\\\/pulsair.net\\\/wp-content\\\/uploads\\\/2020\\\/05\\\/Puls-air-Heizger\u00e4t.png\",\"contentUrl\":\"https:\\\/\\\/pulsair.net\\\/wp-content\\\/uploads\\\/2020\\\/05\\\/Puls-air-Heizger\u00e4t.png\",\"width\":1000,\"height\":1000,\"caption\":\"Werkstattheizung, Hallenheizung\"},{\"@type\":\"BreadcrumbList\",\"@id\":\"https:\\\/\\\/pulsair.net\\\/produkt\\\/standard\\\/#breadcrumb\",\"itemListElement\":[{\"@type\":\"ListItem\",\"position\":1,\"name\":\"Startseite\",\"item\":\"https:\\\/\\\/pulsair.net\\\/\"},{\"@type\":\"ListItem\",\"position\":2,\"name\":\"Puls-air Standard 17,5 kW Hallen- und Werkstattheizung\"}]},{\"@type\":\"WebSite\",\"@id\":\"https:\\\/\\\/pulsair.net\\\/#website\",\"url\":\"https:\\\/\\\/pulsair.net\\\/\",\"name\":\"Puls-air Hallen und Werkstattheizung\",\"description\":\"50 % Heizkosten sparen\",\"publisher\":{\"@id\":\"https:\\\/\\\/pulsair.net\\\/#organization\"},\"potentialAction\":[{\"@type\":\"SearchAction\",\"target\":{\"@type\":\"EntryPoint\",\"urlTemplate\":\"https:\\\/\\\/pulsair.net\\\/?s={search_term_string}\"},\"query-input\":{\"@type\":\"PropertyValueSpecification\",\"valueRequired\":true,\"valueName\":\"search_term_string\"}}],\"inLanguage\":\"it-IT\"},{\"@type\":\"Organization\",\"@id\":\"https:\\\/\\\/pulsair.net\\\/#organization\",\"name\":\"Puls-air Hallen und Werkstattheizung\",\"url\":\"https:\\\/\\\/pulsair.net\\\/\",\"logo\":{\"@type\":\"ImageObject\",\"inLanguage\":\"it-IT\",\"@id\":\"https:\\\/\\\/pulsair.net\\\/#\\\/schema\\\/logo\\\/image\\\/\",\"url\":\"https:\\\/\\\/pulsair.net\\\/wp-content\\\/uploads\\\/2020\\\/07\\\/cropped-cropped-Rotation-alleine-500x500-1.png\",\"contentUrl\":\"https:\\\/\\\/pulsair.net\\\/wp-content\\\/uploads\\\/2020\\\/07\\\/cropped-cropped-Rotation-alleine-500x500-1.png\",\"width\":512,\"height\":512,\"caption\":\"Puls-air Hallen und Werkstattheizung\"},\"image\":{\"@id\":\"https:\\\/\\\/pulsair.net\\\/#\\\/schema\\\/logo\\\/image\\\/\"}}]}<\/script>\n<!-- \/ Yoast SEO plugin. -->","yoast_head_json":{"title":"Puls-air Standard | 17,5 kW | Hallen- und Werkstattheizung","description":"Unser Angebot umfasst 3 Modelle. Der Puls-air Standard hat 17,5 kW und ist f\u00fcr R\u00e4ume bis 600 m\u00b3 geeignet. F\u00fcr gr\u00f6\u00dfere R\u00e4ume haben wir den Puls-air Plus.","robots":{"index":"index","follow":"follow","max-snippet":"max-snippet:-1","max-image-preview":"max-image-preview:large","max-video-preview":"max-video-preview:-1"},"canonical":"https:\/\/pulsair.net\/it\/produkt\/standard\/","og_locale":"it_IT","og_type":"article","og_title":"Puls-air Standard | 17,5 kW | Hallen- und Werkstattheizung","og_description":"Unser Angebot umfasst 3 Modelle. Der Puls-air Standard hat 17,5 kW und ist f\u00fcr R\u00e4ume bis 600 m\u00b3 geeignet. F\u00fcr gr\u00f6\u00dfere R\u00e4ume haben wir den Puls-air Plus.","og_url":"https:\/\/pulsair.net\/it\/produkt\/standard\/","og_site_name":"Puls-air Hallen und Werkstattheizung","article_modified_time":"2026-03-24T08:51:58+00:00","og_image":[{"width":1000,"height":1000,"url":"https:\/\/pulsair.net\/wp-content\/uploads\/2020\/05\/Puls-air-Heizger\u00e4t.png","type":"image\/png"}],"twitter_card":"summary_large_image","twitter_misc":{"Est. reading time":"1 minuto"},"schema":{"@context":"https:\/\/schema.org","@graph":[{"@type":"WebPage","@id":"https:\/\/pulsair.net\/produkt\/standard\/","url":"https:\/\/pulsair.net\/produkt\/standard\/","name":"Puls-air Standard | 17,5 kW | Hallen- und Werkstattheizung","isPartOf":{"@id":"https:\/\/pulsair.net\/#website"},"primaryImageOfPage":{"@id":"https:\/\/pulsair.net\/produkt\/standard\/#primaryimage"},"image":{"@id":"https:\/\/pulsair.net\/produkt\/standard\/#primaryimage"},"thumbnailUrl":"https:\/\/pulsair.net\/wp-content\/uploads\/2020\/05\/Puls-air-Heizger\u00e4t.png","datePublished":"2020-05-26T07:17:32+00:00","dateModified":"2026-03-24T08:51:58+00:00","description":"Unser Angebot umfasst 3 Modelle. Der Puls-air Standard hat 17,5 kW und ist f\u00fcr R\u00e4ume bis 600 m\u00b3 geeignet. F\u00fcr gr\u00f6\u00dfere R\u00e4ume haben wir den Puls-air Plus.","breadcrumb":{"@id":"https:\/\/pulsair.net\/produkt\/standard\/#breadcrumb"},"inLanguage":"it-IT","potentialAction":[{"@type":"ReadAction","target":["https:\/\/pulsair.net\/produkt\/standard\/"]}]},{"@type":"ImageObject","inLanguage":"it-IT","@id":"https:\/\/pulsair.net\/produkt\/standard\/#primaryimage","url":"https:\/\/pulsair.net\/wp-content\/uploads\/2020\/05\/Puls-air-Heizger\u00e4t.png","contentUrl":"https:\/\/pulsair.net\/wp-content\/uploads\/2020\/05\/Puls-air-Heizger\u00e4t.png","width":1000,"height":1000,"caption":"Werkstattheizung, Hallenheizung"},{"@type":"BreadcrumbList","@id":"https:\/\/pulsair.net\/produkt\/standard\/#breadcrumb","itemListElement":[{"@type":"ListItem","position":1,"name":"Startseite","item":"https:\/\/pulsair.net\/"},{"@type":"ListItem","position":2,"name":"Puls-air Standard 17,5 kW Hallen- und Werkstattheizung"}]},{"@type":"WebSite","@id":"https:\/\/pulsair.net\/#website","url":"https:\/\/pulsair.net\/","name":"Puls-air Hallen und Werkstattheizung","description":"50 % Heizkosten sparen","publisher":{"@id":"https:\/\/pulsair.net\/#organization"},"potentialAction":[{"@type":"SearchAction","target":{"@type":"EntryPoint","urlTemplate":"https:\/\/pulsair.net\/?s={search_term_string}"},"query-input":{"@type":"PropertyValueSpecification","valueRequired":true,"valueName":"search_term_string"}}],"inLanguage":"it-IT"},{"@type":"Organization","@id":"https:\/\/pulsair.net\/#organization","name":"Puls-air Hallen und Werkstattheizung","url":"https:\/\/pulsair.net\/","logo":{"@type":"ImageObject","inLanguage":"it-IT","@id":"https:\/\/pulsair.net\/#\/schema\/logo\/image\/","url":"https:\/\/pulsair.net\/wp-content\/uploads\/2020\/07\/cropped-cropped-Rotation-alleine-500x500-1.png","contentUrl":"https:\/\/pulsair.net\/wp-content\/uploads\/2020\/07\/cropped-cropped-Rotation-alleine-500x500-1.png","width":512,"height":512,"caption":"Puls-air Hallen und Werkstattheizung"},"image":{"@id":"https:\/\/pulsair.net\/#\/schema\/logo\/image\/"}}]}},"_links":{"self":[{"href":"https:\/\/pulsair.net\/it\/wp-json\/wp\/v2\/product\/411","targetHints":{"allow":["GET"]}}],"collection":[{"href":"https:\/\/pulsair.net\/it\/wp-json\/wp\/v2\/product"}],"about":[{"href":"https:\/\/pulsair.net\/it\/wp-json\/wp\/v2\/types\/product"}],"replies":[{"embeddable":true,"href":"https:\/\/pulsair.net\/it\/wp-json\/wp\/v2\/comments?post=411"}],"wp:featuredmedia":[{"embeddable":true,"href":"https:\/\/pulsair.net\/it\/wp-json\/wp\/v2\/media\/537"}],"wp:attachment":[{"href":"https:\/\/pulsair.net\/it\/wp-json\/wp\/v2\/media?parent=411"}],"wp:term":[{"taxonomy":"product_brand","embeddable":true,"href":"https:\/\/pulsair.net\/it\/wp-json\/wp\/v2\/product_brand?post=411"},{"taxonomy":"product_cat","embeddable":true,"href":"https:\/\/pulsair.net\/it\/wp-json\/wp\/v2\/product_cat?post=411"},{"taxonomy":"product_tag","embeddable":true,"href":"https:\/\/pulsair.net\/it\/wp-json\/wp\/v2\/product_tag?post=411"}],"curies":[{"name":"wp","href":"https:\/\/api.w.org\/{rel}","templated":true}]}}