{"id":409,"date":"2020-05-26T07:13:02","date_gmt":"2020-05-26T07:13:02","guid":{"rendered":"https:\/\/werkstattheizung.pulsair.net\/?post_type=product&#038;p=409"},"modified":"2026-03-24T08:51:48","modified_gmt":"2026-03-24T08:51:48","slug":"puls-air-construction-industry","status":"publish","type":"product","link":"https:\/\/pulsair.net\/nl\/product\/puls-air-construction-industry\/","title":{"rendered":"Puls-air Bouwsector 23,5 kW bouwplaatsverwarmer"},"content":{"rendered":"<h2>Eckdaten des Puls-air Construction Industry 23,5 kW Baustellenheizung:<\/h2>\n<ul>\n<li><strong>Prestaties<\/strong>:\n<ul>\n<li>23,5 kW vol vermogen<\/li>\n<li>18,5 kW zuinigheidsniveau<\/li>\n<\/ul>\n<\/li>\n<li><strong>Vermogen<\/strong>: 2<\/li>\n<li><strong>Afmetingen<\/strong>75cm x 55cm x 95cm (LxBxH)<\/li>\n<\/ul>\n<ul>\n<li><strong>Gewicht<\/strong>: 78,5 kg<\/li>\n<li><strong>Vloeroppervlak<\/strong>ongeveer 1m\u00b2<\/li>\n<li><strong>Optie externe tank<\/strong>: ja<\/li>\n<li><strong>Automatische temperatuurregeling<\/strong>: ja<\/li>\n<li><strong>Brandstof<\/strong>Stookolie, diesel, HVO100<\/li>\n<li><strong>Verbruik per draaiuur:<\/strong>\n<ul>\n<li>Vol vermogen: 2,1 kg stookolie\/u<\/li>\n<li>Zuinig: 1,65 kg stookolie\/uur<\/li>\n<\/ul>\n<\/li>\n<li><strong>Tank meegeleverd<\/strong>: 20L<\/li>\n<li><strong>Luchtuitgang<\/strong>2500m\u00b3 verwarmingslucht\/u<\/li>\n<li><strong>Temperatuur warme lucht<\/strong>ongeveer 45\u00b0C<\/li>\n<li><strong>Stroomaansluiting<\/strong>: 230 V<\/li>\n<li><strong>Effici\u00ebntie<\/strong>: 97 %<\/li>\n<li><strong>Max. Grootte van de ruimte voor \u00e9\u00e9n apparaat:<\/strong> 1.800-2.000m\u00b3<\/li>\n<li><strong>Kleur<\/strong>: blauw met geel<\/li>\n<\/ul>\n<h2>Beschreibung Construction Industry<\/h2>\n<p>Basiert auf dem Modell Plus, mit einem st\u00e4rkeren Geh\u00e4use, praktischen Tragegriffen hinten und vorne am Ger\u00e4t und serienm\u00e4\u00dfigen Lenkr\u00e4dern.<br \/>\nVollleistung f\u00fcr R\u00e4ume bis max. 1.000 m\u00b3 (bei optimaler Isolierung und neuester Bautechnik: 1.600\u20132.000 m\u00b3).<\/p>","protected":false},"excerpt":{"rendered":"<h2>Puls-air Bouwsector 23,5 kW bouwplaatsverwarmer<\/h2>\n<p><strong>Aankoopprijs: <\/strong>\u20ac 8.300.&#8211; exkl. MwSt.<br \/>\n<strong>Leasetermijn:<\/strong> 213,83 \u20ac\/Monat exkl. MwSt (Laufzeit: 48 Monate, Keine Anzahlung, 10 % Restwert)<\/p>\n<p><strong>Verzendkosten:<\/strong> vanaf \u20ac 120 excl. BTW<\/p>\n<p>CE-gecertificeerd en goedgekeurd in heel Europa.<\/p>\n<p>Basiert auf dem Modell Plus, mit einem st\u00e4rkeren Geh\u00e4use, praktischen Tragegriffen hinten und vorne am Ger\u00e4t und serienm\u00e4\u00dfigen Lenkr\u00e4dern.<br \/>\nVollleistung f\u00fcr R\u00e4ume bis max. 1.000 m\u00b3 (bei optimaler Isolierung und neuester Bautechnik: 1.600\u20132.000 m\u00b3).<\/p>\n<p>&nbsp;<\/p>","protected":false},"featured_media":4818,"comment_status":"open","ping_status":"closed","template":"","meta":[],"class_list":{"0":"post-409","1":"product","2":"type-product","3":"status-publish","4":"has-post-thumbnail","6":"product_cat-heizgeraete","8":"first","9":"instock","10":"taxable","11":"shipping-taxable","12":"purchasable","13":"product-type-simple"},"_links":{"self":[{"href":"https:\/\/pulsair.net\/nl\/wp-json\/wp\/v2\/product\/409","targetHints":{"allow":["GET"]}}],"collection":[{"href":"https:\/\/pulsair.net\/nl\/wp-json\/wp\/v2\/product"}],"about":[{"href":"https:\/\/pulsair.net\/nl\/wp-json\/wp\/v2\/types\/product"}],"replies":[{"embeddable":true,"href":"https:\/\/pulsair.net\/nl\/wp-json\/wp\/v2\/comments?post=409"}],"wp:featuredmedia":[{"embeddable":true,"href":"https:\/\/pulsair.net\/nl\/wp-json\/wp\/v2\/media\/4818"}],"wp:attachment":[{"href":"https:\/\/pulsair.net\/nl\/wp-json\/wp\/v2\/media?parent=409"}],"curies":[{"name":"wp","href":"https:\/\/api.w.org\/{rel}","templated":true}]}}