{"id":411,"date":"2020-05-26T07:17:32","date_gmt":"2020-05-26T07:17:32","guid":{"rendered":"https:\/\/werkstattheizung.pulsair.net\/?post_type=product&#038;p=411"},"modified":"2026-03-24T08:51:58","modified_gmt":"2026-03-24T08:51:58","slug":"standard","status":"publish","type":"product","link":"https:\/\/pulsair.net\/nl\/produkt\/standard\/","title":{"rendered":"Puls-air Standaard 17,5 kW verwarmingssysteem voor hal en werkplaats"},"content":{"rendered":"<h2>Kerngegevens Puls-air Standaard 17,5 kW hal- en werkplaatsverwarmingssysteem:<\/h2>\n<ul>\n<li><strong>Prestaties<\/strong>:\n<ul>\n<li>17,5 kW vol vermogen<\/li>\n<li>13 kW zuinigheidsniveau<\/li>\n<\/ul>\n<\/li>\n<li><strong>Vermogen<\/strong>: 2<\/li>\n<li><strong>Afmetingen<\/strong>75cm x 55cm x 95cm (LxBxH)<\/li>\n<\/ul>\n<ul>\n<li><strong>Gewicht<\/strong>75 kg<\/li>\n<li><strong>Vloeroppervlak<\/strong>ongeveer 1m\u00b2<\/li>\n<li><strong>Optie externe tank<\/strong>: ja<\/li>\n<li><strong>Automatische temperatuurregeling<\/strong>: ja<\/li>\n<li><strong>Brandstof<\/strong>Stookolie, diesel, HVO100<\/li>\n<li><strong>Verbruik per draaiuur:<\/strong>\n<ul>\n<li>Vol vermogen: 1,55 kg stookolie\/u<\/li>\n<li>Zuinig niveau: 1,1 kg stookolie\/uur<\/li>\n<\/ul>\n<\/li>\n<li><strong>Tank meegeleverd<\/strong>: 20L<\/li>\n<li><strong>Luchtuitgang<\/strong>1850m\u00b3 verwarmingslucht\/u<\/li>\n<li><strong>Temperatuur warme lucht<\/strong>ongeveer 45\u00b0C<\/li>\n<li><strong>Stroomaansluiting<\/strong>: 230 V<\/li>\n<li><strong>Effici\u00ebntie<\/strong>: min. 97 %<\/li>\n<li><strong>Max. Grootte van de ruimte voor \u00e9\u00e9n apparaat:<\/strong>\u00a0500-600m\u00b3<\/li>\n<li><strong>Kleur<\/strong>: blauw met geel<\/li>\n<\/ul>\n<h2>Beschrijving Puls-luchtmodel Standaard<\/h2>\n<p>Het standaardmodel biedt twee outputniveaus: Een volledig vermogensniveau voor ruimtes (hallen, werkplaatsen, garages, enz.) tot\u00a0<strong>max. 600 kubieke meter<\/strong>. Er is ook een economy-niveau voor kamers tot maximaal 400 kubieke meter per apparaat.<\/p>\n<h3>Overtuig jezelf van Puls-air:<\/h3>\n<p>Puls-air verwarmers maken indruk door hun stille werking, mobiliteit, lage onderhoudskosten en zuinigheid. Onze verwarmers zijn de zuinigste en effici\u00ebntste olieverwarmers op de markt, dankzij onze gepatenteerde\u00a0<a href=\"\/nl\/technik\/\">pulserende verbranding<\/a>\u00a0mogelijk.<\/p>\n<h3>Referenties bevestigen onze kwaliteit:<\/h3>\n<p>Bezoek ook onze <a href=\"https:\/\/pulsair.net\/nl\/referenzen\/\">Referenties\u00a0<\/a> pagina. Daar publiceren we talloze gebruikersrapporten, referenties en persartikelen die de topkwaliteit van onze halverwarmingssystemen en werkplaatsverwarmingssystemen benadrukken.<\/p>","protected":false},"excerpt":{"rendered":"<h2>Puls-air Standaard 17,5 kW verwarmingssysteem voor hal en werkplaats<\/h2>\n<p><strong>Aankoopprijs: <\/strong>\u20ac 7.400.-excl. btw.<br \/>\n<strong>Leasetermijn:<\/strong> 190,97 \u20ac\/maand excl. btw (looptijd: 48 maanden, geen aanbetaling, 10 % restwaarde)<\/p>\n<p><strong>Verzendkosten:<\/strong> vanaf \u20ac 120 excl. BTW<\/p>\n<p>CE-gecertificeerd en goedgekeurd in heel Europa.<\/p>\n<p>Met het standaardmodel 17,5 kW kunnen kamers tot <strong>max. 600 kubieke meter<\/strong> (met de nieuwste bouwstandaard).<br \/>\n<strong>Verbruik<\/strong>Vol vermogen: 1,55 kg stookolie\/uur, zuinig niveau: 1,1 kg stookolie\/uur.<\/p>\n<p>Voor grotere kamers raden we onze Puls-air aan.<br \/>\n<a href=\"https:\/\/pulsair.net\/nl\/produkt\/puls-air-plus\/\">Plus-apparaat met 23,5 kW<\/a>.<\/p>","protected":false},"featured_media":537,"comment_status":"open","ping_status":"closed","template":"","meta":[],"product_brand":[],"product_cat":[40],"product_tag":[],"class_list":{"0":"post-411","1":"product","2":"type-product","3":"status-publish","4":"has-post-thumbnail","6":"product_cat-heizgeraete","8":"first","9":"instock","10":"taxable","11":"shipping-taxable","12":"purchasable","13":"product-type-simple"},"yoast_head":"<!-- This site is optimized with the Yoast SEO plugin v27.4 - https:\/\/yoast.com\/product\/yoast-seo-wordpress\/ -->\n<title>Puls-air Standard | 17,5 kW | Hallen- und Werkstattheizung<\/title>\n<meta name=\"description\" content=\"Unser Angebot umfasst 3 Modelle. Der Puls-air Standard hat 17,5 kW und ist f\u00fcr R\u00e4ume bis 600 m\u00b3 geeignet. F\u00fcr gr\u00f6\u00dfere R\u00e4ume haben wir den Puls-air Plus.\" \/>\n<meta name=\"robots\" content=\"index, follow, max-snippet:-1, max-image-preview:large, max-video-preview:-1\" \/>\n<link rel=\"canonical\" href=\"https:\/\/pulsair.net\/nl\/produkt\/standard\/\" \/>\n<meta property=\"og:locale\" content=\"nl_NL\" \/>\n<meta property=\"og:type\" content=\"article\" \/>\n<meta property=\"og:title\" content=\"Puls-air Standard | 17,5 kW | Hallen- und Werkstattheizung\" \/>\n<meta property=\"og:description\" content=\"Unser Angebot umfasst 3 Modelle. Der Puls-air Standard hat 17,5 kW und ist f\u00fcr R\u00e4ume bis 600 m\u00b3 geeignet. F\u00fcr gr\u00f6\u00dfere R\u00e4ume haben wir den Puls-air Plus.\" \/>\n<meta property=\"og:url\" content=\"https:\/\/pulsair.net\/nl\/produkt\/standard\/\" \/>\n<meta property=\"og:site_name\" content=\"Puls-air Hallen und Werkstattheizung\" \/>\n<meta property=\"article:modified_time\" content=\"2026-03-24T08:51:58+00:00\" \/>\n<meta property=\"og:image\" content=\"https:\/\/pulsair.net\/wp-content\/uploads\/2020\/05\/Puls-air-Heizger\u00e4t.png\" \/>\n\t<meta property=\"og:image:width\" content=\"1000\" \/>\n\t<meta property=\"og:image:height\" content=\"1000\" \/>\n\t<meta property=\"og:image:type\" content=\"image\/png\" \/>\n<meta name=\"twitter:card\" content=\"summary_large_image\" \/>\n<meta name=\"twitter:label1\" content=\"Est. reading time\" \/>\n\t<meta name=\"twitter:data1\" content=\"1 minuut\" \/>\n<script type=\"application\/ld+json\" class=\"yoast-schema-graph\">{\"@context\":\"https:\\\/\\\/schema.org\",\"@graph\":[{\"@type\":\"WebPage\",\"@id\":\"https:\\\/\\\/pulsair.net\\\/produkt\\\/standard\\\/\",\"url\":\"https:\\\/\\\/pulsair.net\\\/produkt\\\/standard\\\/\",\"name\":\"Puls-air Standard | 17,5 kW | Hallen- und Werkstattheizung\",\"isPartOf\":{\"@id\":\"https:\\\/\\\/pulsair.net\\\/#website\"},\"primaryImageOfPage\":{\"@id\":\"https:\\\/\\\/pulsair.net\\\/produkt\\\/standard\\\/#primaryimage\"},\"image\":{\"@id\":\"https:\\\/\\\/pulsair.net\\\/produkt\\\/standard\\\/#primaryimage\"},\"thumbnailUrl\":\"https:\\\/\\\/pulsair.net\\\/wp-content\\\/uploads\\\/2020\\\/05\\\/Puls-air-Heizger\u00e4t.png\",\"datePublished\":\"2020-05-26T07:17:32+00:00\",\"dateModified\":\"2026-03-24T08:51:58+00:00\",\"description\":\"Unser Angebot umfasst 3 Modelle. Der Puls-air Standard hat 17,5 kW und ist f\u00fcr R\u00e4ume bis 600 m\u00b3 geeignet. F\u00fcr gr\u00f6\u00dfere R\u00e4ume haben wir den Puls-air Plus.\",\"breadcrumb\":{\"@id\":\"https:\\\/\\\/pulsair.net\\\/produkt\\\/standard\\\/#breadcrumb\"},\"inLanguage\":\"nl-NL\",\"potentialAction\":[{\"@type\":\"ReadAction\",\"target\":[\"https:\\\/\\\/pulsair.net\\\/produkt\\\/standard\\\/\"]}]},{\"@type\":\"ImageObject\",\"inLanguage\":\"nl-NL\",\"@id\":\"https:\\\/\\\/pulsair.net\\\/produkt\\\/standard\\\/#primaryimage\",\"url\":\"https:\\\/\\\/pulsair.net\\\/wp-content\\\/uploads\\\/2020\\\/05\\\/Puls-air-Heizger\u00e4t.png\",\"contentUrl\":\"https:\\\/\\\/pulsair.net\\\/wp-content\\\/uploads\\\/2020\\\/05\\\/Puls-air-Heizger\u00e4t.png\",\"width\":1000,\"height\":1000,\"caption\":\"Werkstattheizung, Hallenheizung\"},{\"@type\":\"BreadcrumbList\",\"@id\":\"https:\\\/\\\/pulsair.net\\\/produkt\\\/standard\\\/#breadcrumb\",\"itemListElement\":[{\"@type\":\"ListItem\",\"position\":1,\"name\":\"Startseite\",\"item\":\"https:\\\/\\\/pulsair.net\\\/\"},{\"@type\":\"ListItem\",\"position\":2,\"name\":\"Puls-air Standard 17,5 kW Hallen- und Werkstattheizung\"}]},{\"@type\":\"WebSite\",\"@id\":\"https:\\\/\\\/pulsair.net\\\/#website\",\"url\":\"https:\\\/\\\/pulsair.net\\\/\",\"name\":\"Puls-air Hallen und Werkstattheizung\",\"description\":\"50 % Heizkosten sparen\",\"publisher\":{\"@id\":\"https:\\\/\\\/pulsair.net\\\/#organization\"},\"potentialAction\":[{\"@type\":\"SearchAction\",\"target\":{\"@type\":\"EntryPoint\",\"urlTemplate\":\"https:\\\/\\\/pulsair.net\\\/?s={search_term_string}\"},\"query-input\":{\"@type\":\"PropertyValueSpecification\",\"valueRequired\":true,\"valueName\":\"search_term_string\"}}],\"inLanguage\":\"nl-NL\"},{\"@type\":\"Organization\",\"@id\":\"https:\\\/\\\/pulsair.net\\\/#organization\",\"name\":\"Puls-air Hallen und Werkstattheizung\",\"url\":\"https:\\\/\\\/pulsair.net\\\/\",\"logo\":{\"@type\":\"ImageObject\",\"inLanguage\":\"nl-NL\",\"@id\":\"https:\\\/\\\/pulsair.net\\\/#\\\/schema\\\/logo\\\/image\\\/\",\"url\":\"https:\\\/\\\/pulsair.net\\\/wp-content\\\/uploads\\\/2020\\\/07\\\/cropped-cropped-Rotation-alleine-500x500-1.png\",\"contentUrl\":\"https:\\\/\\\/pulsair.net\\\/wp-content\\\/uploads\\\/2020\\\/07\\\/cropped-cropped-Rotation-alleine-500x500-1.png\",\"width\":512,\"height\":512,\"caption\":\"Puls-air Hallen und Werkstattheizung\"},\"image\":{\"@id\":\"https:\\\/\\\/pulsair.net\\\/#\\\/schema\\\/logo\\\/image\\\/\"}}]}<\/script>\n<!-- \/ Yoast SEO plugin. -->","yoast_head_json":{"title":"Puls-air Standard | 17,5 kW | Hallen- und Werkstattheizung","description":"Unser Angebot umfasst 3 Modelle. Der Puls-air Standard hat 17,5 kW und ist f\u00fcr R\u00e4ume bis 600 m\u00b3 geeignet. F\u00fcr gr\u00f6\u00dfere R\u00e4ume haben wir den Puls-air Plus.","robots":{"index":"index","follow":"follow","max-snippet":"max-snippet:-1","max-image-preview":"max-image-preview:large","max-video-preview":"max-video-preview:-1"},"canonical":"https:\/\/pulsair.net\/nl\/produkt\/standard\/","og_locale":"nl_NL","og_type":"article","og_title":"Puls-air Standard | 17,5 kW | Hallen- und Werkstattheizung","og_description":"Unser Angebot umfasst 3 Modelle. Der Puls-air Standard hat 17,5 kW und ist f\u00fcr R\u00e4ume bis 600 m\u00b3 geeignet. F\u00fcr gr\u00f6\u00dfere R\u00e4ume haben wir den Puls-air Plus.","og_url":"https:\/\/pulsair.net\/nl\/produkt\/standard\/","og_site_name":"Puls-air Hallen und Werkstattheizung","article_modified_time":"2026-03-24T08:51:58+00:00","og_image":[{"width":1000,"height":1000,"url":"https:\/\/pulsair.net\/wp-content\/uploads\/2020\/05\/Puls-air-Heizger\u00e4t.png","type":"image\/png"}],"twitter_card":"summary_large_image","twitter_misc":{"Est. reading time":"1 minuut"},"schema":{"@context":"https:\/\/schema.org","@graph":[{"@type":"WebPage","@id":"https:\/\/pulsair.net\/produkt\/standard\/","url":"https:\/\/pulsair.net\/produkt\/standard\/","name":"Puls-air Standard | 17,5 kW | Hallen- und Werkstattheizung","isPartOf":{"@id":"https:\/\/pulsair.net\/#website"},"primaryImageOfPage":{"@id":"https:\/\/pulsair.net\/produkt\/standard\/#primaryimage"},"image":{"@id":"https:\/\/pulsair.net\/produkt\/standard\/#primaryimage"},"thumbnailUrl":"https:\/\/pulsair.net\/wp-content\/uploads\/2020\/05\/Puls-air-Heizger\u00e4t.png","datePublished":"2020-05-26T07:17:32+00:00","dateModified":"2026-03-24T08:51:58+00:00","description":"Unser Angebot umfasst 3 Modelle. Der Puls-air Standard hat 17,5 kW und ist f\u00fcr R\u00e4ume bis 600 m\u00b3 geeignet. F\u00fcr gr\u00f6\u00dfere R\u00e4ume haben wir den Puls-air Plus.","breadcrumb":{"@id":"https:\/\/pulsair.net\/produkt\/standard\/#breadcrumb"},"inLanguage":"nl-NL","potentialAction":[{"@type":"ReadAction","target":["https:\/\/pulsair.net\/produkt\/standard\/"]}]},{"@type":"ImageObject","inLanguage":"nl-NL","@id":"https:\/\/pulsair.net\/produkt\/standard\/#primaryimage","url":"https:\/\/pulsair.net\/wp-content\/uploads\/2020\/05\/Puls-air-Heizger\u00e4t.png","contentUrl":"https:\/\/pulsair.net\/wp-content\/uploads\/2020\/05\/Puls-air-Heizger\u00e4t.png","width":1000,"height":1000,"caption":"Werkstattheizung, Hallenheizung"},{"@type":"BreadcrumbList","@id":"https:\/\/pulsair.net\/produkt\/standard\/#breadcrumb","itemListElement":[{"@type":"ListItem","position":1,"name":"Startseite","item":"https:\/\/pulsair.net\/"},{"@type":"ListItem","position":2,"name":"Puls-air Standard 17,5 kW Hallen- und Werkstattheizung"}]},{"@type":"WebSite","@id":"https:\/\/pulsair.net\/#website","url":"https:\/\/pulsair.net\/","name":"Puls-air Hallen und Werkstattheizung","description":"50 % Heizkosten sparen","publisher":{"@id":"https:\/\/pulsair.net\/#organization"},"potentialAction":[{"@type":"SearchAction","target":{"@type":"EntryPoint","urlTemplate":"https:\/\/pulsair.net\/?s={search_term_string}"},"query-input":{"@type":"PropertyValueSpecification","valueRequired":true,"valueName":"search_term_string"}}],"inLanguage":"nl-NL"},{"@type":"Organization","@id":"https:\/\/pulsair.net\/#organization","name":"Puls-air Hallen und Werkstattheizung","url":"https:\/\/pulsair.net\/","logo":{"@type":"ImageObject","inLanguage":"nl-NL","@id":"https:\/\/pulsair.net\/#\/schema\/logo\/image\/","url":"https:\/\/pulsair.net\/wp-content\/uploads\/2020\/07\/cropped-cropped-Rotation-alleine-500x500-1.png","contentUrl":"https:\/\/pulsair.net\/wp-content\/uploads\/2020\/07\/cropped-cropped-Rotation-alleine-500x500-1.png","width":512,"height":512,"caption":"Puls-air Hallen und Werkstattheizung"},"image":{"@id":"https:\/\/pulsair.net\/#\/schema\/logo\/image\/"}}]}},"_links":{"self":[{"href":"https:\/\/pulsair.net\/nl\/wp-json\/wp\/v2\/product\/411","targetHints":{"allow":["GET"]}}],"collection":[{"href":"https:\/\/pulsair.net\/nl\/wp-json\/wp\/v2\/product"}],"about":[{"href":"https:\/\/pulsair.net\/nl\/wp-json\/wp\/v2\/types\/product"}],"replies":[{"embeddable":true,"href":"https:\/\/pulsair.net\/nl\/wp-json\/wp\/v2\/comments?post=411"}],"wp:featuredmedia":[{"embeddable":true,"href":"https:\/\/pulsair.net\/nl\/wp-json\/wp\/v2\/media\/537"}],"wp:attachment":[{"href":"https:\/\/pulsair.net\/nl\/wp-json\/wp\/v2\/media?parent=411"}],"wp:term":[{"taxonomy":"product_brand","embeddable":true,"href":"https:\/\/pulsair.net\/nl\/wp-json\/wp\/v2\/product_brand?post=411"},{"taxonomy":"product_cat","embeddable":true,"href":"https:\/\/pulsair.net\/nl\/wp-json\/wp\/v2\/product_cat?post=411"},{"taxonomy":"product_tag","embeddable":true,"href":"https:\/\/pulsair.net\/nl\/wp-json\/wp\/v2\/product_tag?post=411"}],"curies":[{"name":"wp","href":"https:\/\/api.w.org\/{rel}","templated":true}]}}